{"id":255,"date":"2025-04-02T10:38:43","date_gmt":"2025-04-02T10:38:43","guid":{"rendered":"https:\/\/hablaeli.es\/erklaerung-zur-barrierefreiheit-im-internet\/"},"modified":"2025-05-26T14:02:43","modified_gmt":"2025-05-26T14:02:43","slug":"erklaerung-zur-barrierefreiheit-im-internet","status":"publish","type":"page","link":"https:\/\/hablaeli.es\/de\/erklaerung-zur-barrierefreiheit-im-internet\/","title":{"rendered":"Erkl\u00e4rung zur Barrierefreiheit im Internet"},"content":{"rendered":"<p>[et_pb_section fb_built=&#8220;1&#8243; _builder_version=&#8220;4.27.4&#8243; _module_preset=&#8220;default&#8220; custom_padding=&#8220;25px||0px||false|false&#8220; global_colors_info=&#8220;{}&#8220;][et_pb_row _builder_version=&#8220;4.20.4&#8243; _module_preset=&#8220;default&#8220; max_width=&#8220;80%&#8220; global_colors_info=&#8220;{}&#8220;][et_pb_column type=&#8220;4_4&#8243; _builder_version=&#8220;4.20.4&#8243; _module_preset=&#8220;default&#8220; global_colors_info=&#8220;{}&#8220;][et_pb_text _builder_version=&#8220;4.27.4&#8243; _module_preset=&#8220;default&#8220; text_font=&#8220;&#8211;et_global_body_font||||||||&#8220; text_text_color=&#8220;#000000&#8243; text_font_size=&#8220;18px&#8220; header_font=&#8220;&#8211;et_global_heading_font|800||on|||||&#8220; header_text_color=&#8220;#000000&#8243; header_font_size=&#8220;38px&#8220; global_colors_info=&#8220;{}&#8220;]<\/p>\n<h1>Erkl\u00e4rung zur Barrierefreiheit im Internet<\/h1>\n<p>[\/et_pb_text][et_pb_text _builder_version=&#8220;4.27.4&#8243; _module_preset=&#8220;default&#8220; text_font=&#8220;&#8211;et_global_body_font||||||||&#8220; text_text_color=&#8220;#000000&#8243; text_font_size=&#8220;18px&#8220; custom_margin=&#8220;||15px||false|false&#8220; global_colors_info=&#8220;{}&#8220;]<\/p>\n<p>Aktualisiert: 2\/4\/2025<\/p>\n<p>[\/et_pb_text][et_pb_text _builder_version=&#8220;4.27.4&#8243; _module_preset=&#8220;default&#8220; text_font=&#8220;&#8211;et_global_body_font||||||||&#8220; text_text_color=&#8220;#000000&#8243; text_font_size=&#8220;18px&#8220; custom_margin=&#8220;||15px||false|false&#8220; global_colors_info=&#8220;{}&#8220;]<\/p>\n<p>Elisa Calcinari verpflichtet sich, seine Website gem\u00e4\u00df dem <a href=\"https:\/\/www.boe.es\/diario_boe\/txt.php?id=BOE-A-2018-12699\" target=\"_blank\" rel=\"noopener\" title=\"K\u00f6nigliches Dekret\">K\u00f6niglichen Dekret 1112\/2018<\/a> \u00fcber die Zug\u00e4nglichkeit von Websites und Anwendungen des \u00f6ffentlichen Sektors f\u00fcr mobile Ger\u00e4te zug\u00e4nglich zu machen.<\/p>\n<p>[\/et_pb_text][et_pb_text _builder_version=&#8220;4.27.4&#8243; _module_preset=&#8220;default&#8220; text_font=&#8220;&#8211;et_global_body_font||||||||&#8220; text_text_color=&#8220;#000000&#8243; text_font_size=&#8220;18px&#8220; hover_enabled=&#8220;0&#8243; global_colors_info=&#8220;{}&#8220; sticky_enabled=&#8220;0&#8243;]<\/p>\n<p>Diese Erkl\u00e4rung zur Barrierefreiheit gilt f\u00fcr die Website <a href=\"https:\/\/hablaeli.es\/de\/\" title=\"Habla_Eli\">hablaeli.es<\/a>.<\/p>\n<p>[\/et_pb_text][et_pb_text _builder_version=&#8220;4.27.4&#8243; _module_preset=&#8220;default&#8220; text_font=&#8220;&#8211;et_global_body_font||||||||&#8220; text_text_color=&#8220;#000000&#8243; text_font_size=&#8220;18px&#8220; header_2_font=&#8220;&#8211;et_global_heading_font|700|||||||&#8220; header_2_text_color=&#8220;#000000&#8243; header_2_font_size=&#8220;28px&#8220; custom_margin=&#8220;||0px||false|false&#8220; global_colors_info=&#8220;{}&#8220;]<\/p>\n<h2>Status der Einhaltung<\/h2>\n<p>[\/et_pb_text][et_pb_text _builder_version=&#8220;4.27.4&#8243; _module_preset=&#8220;default&#8220; text_font=&#8220;&#8211;et_global_body_font||||||||&#8220; text_text_color=&#8220;#000000&#8243; text_font_size=&#8220;18px&#8220; global_colors_info=&#8220;{}&#8220;]<\/p>\n<p>Diese Website ist vollst\u00e4ndig konform mit der RD 1112\/2018.<\/p>\n<p>[\/et_pb_text][et_pb_text _builder_version=&#8220;4.27.4&#8243; _module_preset=&#8220;default&#8220; text_font=&#8220;&#8211;et_global_body_font||||||||&#8220; text_text_color=&#8220;#000000&#8243; text_font_size=&#8220;18px&#8220; header_2_font=&#8220;&#8211;et_global_heading_font|700|||||||&#8220; header_2_text_color=&#8220;#000000&#8243; header_2_font_size=&#8220;28px&#8220; custom_margin=&#8220;||0px||false|false&#8220; global_colors_info=&#8220;{}&#8220;]<\/p>\n<h2>Erstellung dieser Erkl\u00e4rung zur Barrierefreiheit im Internet:<\/h2>\n<p>[\/et_pb_text][et_pb_text _builder_version=&#8220;4.27.4&#8243; _module_preset=&#8220;default&#8220; text_font=&#8220;&#8211;et_global_body_font||||||||&#8220; text_text_color=&#8220;#000000&#8243; text_font_size=&#8220;18px&#8220; custom_margin=&#8220;||15px||false|false&#8220; global_colors_info=&#8220;{}&#8220;]<\/p>\n<p>Diese Erkl\u00e4rung wurde am 2. April 2025 erstellt.<\/p>\n<p>[\/et_pb_text][et_pb_text _builder_version=&#8220;4.27.4&#8243; _module_preset=&#8220;default&#8220; text_font=&#8220;&#8211;et_global_body_font||||||||&#8220; text_text_color=&#8220;#000000&#8243; text_font_size=&#8220;18px&#8220; custom_margin=&#8220;||15px||false|false&#8220; global_colors_info=&#8220;{}&#8220;]<\/p>\n<p>Die Methode, die zur Erstellung der Erkl\u00e4rung verwendet wurde, war eine Selbsteinsch\u00e4tzung, die vom Accessibility-Team des Unternehmens durchgef\u00fchrt wurde.<\/p>\n<p>[\/et_pb_text][et_pb_text _builder_version=&#8220;4.27.4&#8243; _module_preset=&#8220;default&#8220; text_font=&#8220;&#8211;et_global_body_font||||||||&#8220; text_text_color=&#8220;#000000&#8243; text_font_size=&#8220;18px&#8220; global_colors_info=&#8220;{}&#8220;]<\/p>\n<p>Letzte \u00dcberarbeitung der Erkl\u00e4rung: April 2, 2025.<\/p>\n<p>[\/et_pb_text][et_pb_text _builder_version=&#8220;4.27.4&#8243; _module_preset=&#8220;default&#8220; text_font=&#8220;&#8211;et_global_body_font||||||||&#8220; text_text_color=&#8220;#000000&#8243; text_font_size=&#8220;18px&#8220; header_2_font=&#8220;&#8211;et_global_heading_font|700|||||||&#8220; header_2_text_color=&#8220;#000000&#8243; header_2_font_size=&#8220;28px&#8220; custom_margin=&#8220;||0px||false|false&#8220; global_colors_info=&#8220;{}&#8220;]<\/p>\n<h2>Bemerkungen und Kontaktinformationen:<\/h2>\n<p>[\/et_pb_text][et_pb_text _builder_version=&#8220;4.27.4&#8243; _module_preset=&#8220;default&#8220; text_font=&#8220;&#8211;et_global_body_font||||||||&#8220; text_text_color=&#8220;#000000&#8243; text_font_size=&#8220;18px&#8220; custom_margin=&#8220;||15px||false|false&#8220; global_colors_info=&#8220;{}&#8220;]<\/p>\n<p>Sie k\u00f6nnen Mitteilungen \u00fcber Zug\u00e4nglichkeitsanforderungen (Artikel 10.2.a des RD 1112\/2018) machen, wie z.B.:<\/p>\n<p>[\/et_pb_text][et_pb_text _builder_version=&#8220;4.27.4&#8243; _module_preset=&#8220;default&#8220; text_font=&#8220;&#8211;et_global_body_font||||||||&#8220; text_text_color=&#8220;#000000&#8243; text_font_size=&#8220;18px&#8220; custom_margin=&#8220;||7px||false|false&#8220; global_colors_info=&#8220;{}&#8220;]<\/p>\n<p style=\"padding-left: 40px;\">1. Um eine m\u00f6gliche Verletzung durch diese Website zu melden.<\/p>\n<p>[\/et_pb_text][et_pb_text _builder_version=&#8220;4.27.4&#8243; _module_preset=&#8220;default&#8220; text_font=&#8220;&#8211;et_global_body_font||||||||&#8220; text_text_color=&#8220;#000000&#8243; text_font_size=&#8220;18px&#8220; custom_margin=&#8220;||7px||false|false&#8220; global_colors_info=&#8220;{}&#8220;]<\/p>\n<p style=\"padding-left: 40px;\">2. Enthalten Sie klare und gut strukturierte Inhalte.<\/p>\n<p>[\/et_pb_text][et_pb_text _builder_version=&#8220;4.27.4&#8243; _module_preset=&#8220;default&#8220; text_font=&#8220;&#8211;et_global_body_font||||||||&#8220; text_text_color=&#8220;#000000&#8243; text_font_size=&#8220;18px&#8220; custom_margin=&#8220;||15px||false|false&#8220; global_colors_info=&#8220;{}&#8220;]<\/p>\n<p style=\"padding-left: 40px;\">3. Formulieren Sie jede andere Anfrage oder jeden Verbesserungsvorschlag im Zusammenhang mit der Zug\u00e4nglichkeit der Website \u00fcber unser Kontaktformular oder pers\u00f6nlich bei: C. Lepanto, 8-10, 35660 Corralejo, Las Palmas. Geben Sie im Betreff an: &#8222;Zug\u00e4nglichkeit der Website&#8220;. <\/p>\n<p>[\/et_pb_text][et_pb_text _builder_version=&#8220;4.27.4&#8243; _module_preset=&#8220;default&#8220; text_font=&#8220;&#8211;et_global_body_font||||||||&#8220; text_text_color=&#8220;#000000&#8243; text_font_size=&#8220;18px&#8220; global_colors_info=&#8220;{}&#8220;]<\/p>\n<p>Die Mitteilungen werden vom Accessibility-Team entgegengenommen und bearbeitet.<\/p>\n<p>[\/et_pb_text][et_pb_text _builder_version=&#8220;4.27.4&#8243; _module_preset=&#8220;default&#8220; text_font=&#8220;&#8211;et_global_body_font||||||||&#8220; text_text_color=&#8220;#000000&#8243; text_font_size=&#8220;18px&#8220; header_2_font=&#8220;&#8211;et_global_heading_font|700|||||||&#8220; header_2_text_color=&#8220;#000000&#8243; header_2_font_size=&#8220;28px&#8220; custom_margin=&#8220;||0px||false|false&#8220; global_colors_info=&#8220;{}&#8220;]<\/p>\n<h2>Optionaler Inhalt<\/h2>\n<p>[\/et_pb_text][et_pb_text _builder_version=&#8220;4.27.4&#8243; _module_preset=&#8220;default&#8220; text_font=&#8220;&#8211;et_global_body_font||||||||&#8220; text_text_color=&#8220;#000000&#8243; text_font_size=&#8220;18px&#8220; custom_margin=&#8220;||15px||false|false&#8220; global_colors_info=&#8220;{}&#8220;]<\/p>\n<p>Diese Website hat eine Reihe von Ma\u00dfnahmen ergriffen, um die Zug\u00e4nglichkeit zu verbessern. Die Vorteile, die dies mit sich bringt, sind unter anderem: <\/p>\n<p>[\/et_pb_text][et_pb_text _builder_version=&#8220;4.27.4&#8243; _module_preset=&#8220;default&#8220; text_font=&#8220;&#8211;et_global_body_font||||||||&#8220; text_text_color=&#8220;#000000&#8243; text_font_size=&#8220;18px&#8220; custom_margin=&#8220;||7px||false|false&#8220; global_colors_info=&#8220;{}&#8220;]<\/p>\n<p style=\"padding-left: 40px;\">1. Erleichtern Sie den Zugang f\u00fcr Menschen unabh\u00e4ngig von ihrer k\u00f6rperlichen Verfassung oder Umgebung.<\/p>\n<p>[\/et_pb_text][et_pb_text _builder_version=&#8220;4.27.4&#8243; _module_preset=&#8220;default&#8220; text_font=&#8220;&#8211;et_global_body_font||||||||&#8220; text_text_color=&#8220;#000000&#8243; text_font_size=&#8220;18px&#8220; custom_margin=&#8220;||7px||false|false&#8220; global_colors_info=&#8220;{}&#8220;]<\/p>\n<p style=\"padding-left: 40px;\">2. Enthalten Sie klare und gut strukturierte Inhalte.<\/p>\n<p>[\/et_pb_text][et_pb_text _builder_version=&#8220;4.27.4&#8243; _module_preset=&#8220;default&#8220; text_font=&#8220;&#8211;et_global_body_font||||||||&#8220; text_text_color=&#8220;#000000&#8243; text_font_size=&#8220;18px&#8220; custom_margin=&#8220;||15px||false|false&#8220; global_colors_info=&#8220;{}&#8220;]<\/p>\n<p style=\"padding-left: 40px;\">3. Verbessern Sie die Navigation und die Benutzerfreundlichkeit.<\/p>\n<p>[\/et_pb_text][et_pb_text _builder_version=&#8220;4.27.4&#8243; _module_preset=&#8220;default&#8220; text_font=&#8220;&#8211;et_global_body_font||||||||&#8220; text_text_color=&#8220;#000000&#8243; text_font_size=&#8220;18px&#8220; global_colors_info=&#8220;{}&#8220;]<\/p>\n<p>Zu den angenommenen Ma\u00dfnahmen geh\u00f6ren:<\/p>\n<p>[\/et_pb_text][et_pb_text _builder_version=&#8220;4.27.4&#8243; _module_preset=&#8220;default&#8220; text_font=&#8220;&#8211;et_global_body_font||||||||&#8220; text_text_color=&#8220;#000000&#8243; text_font_size=&#8220;18px&#8220; header_2_font=&#8220;&#8211;et_global_heading_font|700|||||||&#8220; header_2_text_color=&#8220;#000000&#8243; header_2_font_size=&#8220;28px&#8220; custom_margin=&#8220;||0px||false|false&#8220; global_colors_info=&#8220;{}&#8220;]<\/p>\n<h2>Schaltfl\u00e4che Barrierefreiheit auf der rechten Seite<\/h2>\n<p>[\/et_pb_text][et_pb_text _builder_version=&#8220;4.27.4&#8243; _module_preset=&#8220;default&#8220; text_font=&#8220;&#8211;et_global_body_font||||||||&#8220; text_text_color=&#8220;#000000&#8243; text_font_size=&#8220;18px&#8220; global_colors_info=&#8220;{}&#8220;]<\/p>\n<p>Auf allen Webseiten gibt es auf der linken Seite eine Schaltfl\u00e4che mit einem Zug\u00e4nglichkeitssymbol. Wenn Sie darauf klicken, \u00f6ffnet sich ein Popup-Fenster mit den verschiedenen visuellen Zug\u00e4nglichkeitsoptionen, die die Webseite beeinflussen k\u00f6nnen.<\/p>\n<p>[\/et_pb_text][et_pb_text _builder_version=&#8220;4.27.4&#8243; _module_preset=&#8220;default&#8220; text_font=&#8220;&#8211;et_global_body_font||||||||&#8220; text_text_color=&#8220;#000000&#8243; text_font_size=&#8220;18px&#8220; header_2_font=&#8220;&#8211;et_global_heading_font|700|||||||&#8220; header_2_text_color=&#8220;#000000&#8243; header_2_font_size=&#8220;28px&#8220; custom_margin=&#8220;||0px||false|false&#8220; global_colors_info=&#8220;{}&#8220;]<\/p>\n<h2>Tastaturk\u00fcrzel<\/h2>\n<p>[\/et_pb_text][et_pb_text _builder_version=&#8220;4.27.4&#8243; _module_preset=&#8220;default&#8220; text_font=&#8220;&#8211;et_global_body_font||||||||&#8220; text_text_color=&#8220;#000000&#8243; text_font_size=&#8220;18px&#8220; custom_margin=&#8220;||0px||false|false&#8220; custom_padding=&#8220;||0px||false|false&#8220; global_colors_info=&#8220;{}&#8220;]<\/p>\n<ul>\n<li style=\"list-style-type: none;\">\n<ul>\n<li>Internet Explorer 6 oder h\u00f6her: ALT + Hotkey + ENTER-Taste<\/li>\n<li>Mozilla Firefox 2.0 oder h\u00f6her: ALT + SHIFT + Hotkey (Konfiguration &#8211; erweitert im Browser mit zwei Tasten)<\/li>\n<li>Opera: Shift + Esc-Taste zum Aktivieren von Hotkeys<\/li>\n<li>Safari: COMMAND + Hotkey<\/li>\n<li>Chrom: Abh\u00e4ngig vom Betriebssystem (unten definiert)\n<ul>\n<li style=\"list-style-type: none;\">\n<ul>\n<li>MacOS: COMMAND + Hotkey.<\/li>\n<li>Windows: CTRL + Hotkey.<\/li>\n<\/ul>\n<\/li>\n<\/ul>\n<\/li>\n<\/ul>\n<\/li>\n<\/ul>\n<p>[\/et_pb_text][\/et_pb_column][\/et_pb_row][\/et_pb_section]<\/p>\n","protected":false},"excerpt":{"rendered":"<p>Erkl\u00e4rung zur Barrierefreiheit im InternetAktualisiert: 2\/4\/2025Elisa Calcinari verpflichtet sich, seine Website gem\u00e4\u00df dem K\u00f6niglichen Dekret 1112\/2018 \u00fcber die Zug\u00e4nglichkeit von Websites und Anwendungen des \u00f6ffentlichen Sektors f\u00fcr mobile Ger\u00e4te zug\u00e4nglich zu machen.Diese Erkl\u00e4rung zur Barrierefreiheit gilt f\u00fcr die Website hablaeli.es.Status der EinhaltungDiese Website ist vollst\u00e4ndig konform mit der RD 1112\/2018.Erstellung dieser Erkl\u00e4rung zur Barrierefreiheit im [&hellip;]<\/p>\n","protected":false},"author":1,"featured_media":0,"parent":0,"menu_order":0,"comment_status":"closed","ping_status":"closed","template":"","meta":{"_et_pb_use_builder":"on","_et_pb_old_content":"","_et_gb_content_width":"","footnotes":""},"class_list":["post-255","page","type-page","status-publish","hentry"],"yoast_head":"<!-- This site is optimized with the Yoast SEO plugin v27.4 - https:\/\/yoast.com\/product\/yoast-seo-wordpress\/ -->\n<title>Erkl\u00e4rung zur Barrierefreiheit im Internet - Hablaeli<\/title>\n<meta name=\"description\" content=\"Lesen Sie unsere Erkl\u00e4rung zur Barrierefreiheit im Internet, um zu verstehen, wie wir sicherstellen, dass diese Website f\u00fcr alle Benutzer zug\u00e4nglich ist, egal unter welchen Umst\u00e4nden.\" \/>\n<meta name=\"robots\" content=\"index, follow, max-snippet:-1, max-image-preview:large, max-video-preview:-1\" \/>\n<link rel=\"canonical\" href=\"https:\/\/hablaeli.es\/de\/erklaerung-zur-barrierefreiheit-im-internet\/\" \/>\n<meta property=\"og:locale\" content=\"de_DE\" \/>\n<meta property=\"og:type\" content=\"article\" \/>\n<meta property=\"og:title\" content=\"Erkl\u00e4rung zur Barrierefreiheit im Internet - Hablaeli\" \/>\n<meta property=\"og:description\" content=\"Lesen Sie unsere Erkl\u00e4rung zur Barrierefreiheit im Internet, um zu verstehen, wie wir sicherstellen, dass diese Website f\u00fcr alle Benutzer zug\u00e4nglich ist, egal unter welchen Umst\u00e4nden.\" \/>\n<meta property=\"og:url\" content=\"https:\/\/hablaeli.es\/de\/erklaerung-zur-barrierefreiheit-im-internet\/\" \/>\n<meta property=\"og:site_name\" content=\"Hablaeli\" \/>\n<meta property=\"article:publisher\" content=\"https:\/\/www.facebook.com\/people\/Habla_Eli\/61550985253961\/\" \/>\n<meta property=\"article:modified_time\" content=\"2025-05-26T14:02:43+00:00\" \/>\n<meta property=\"og:image\" content=\"https:\/\/hablaeli.es\/wp-content\/uploads\/2025\/04\/logo.png\" \/>\n\t<meta property=\"og:image:width\" content=\"561\" \/>\n\t<meta property=\"og:image:height\" content=\"561\" \/>\n\t<meta property=\"og:image:type\" content=\"image\/png\" \/>\n<meta name=\"twitter:card\" content=\"summary_large_image\" \/>\n<meta name=\"twitter:label1\" content=\"Gesch\u00e4tzte Lesezeit\" \/>\n\t<meta name=\"twitter:data1\" content=\"6\u00a0Minuten\" \/>\n<script type=\"application\/ld+json\" class=\"yoast-schema-graph\">{\"@context\":\"https:\\\/\\\/schema.org\",\"@graph\":[{\"@type\":\"WebPage\",\"@id\":\"https:\\\/\\\/hablaeli.es\\\/de\\\/erklaerung-zur-barrierefreiheit-im-internet\\\/\",\"url\":\"https:\\\/\\\/hablaeli.es\\\/de\\\/erklaerung-zur-barrierefreiheit-im-internet\\\/\",\"name\":\"Erkl\u00e4rung zur Barrierefreiheit im Internet - Hablaeli\",\"isPartOf\":{\"@id\":\"https:\\\/\\\/hablaeli.es\\\/#website\"},\"datePublished\":\"2025-04-02T10:38:43+00:00\",\"dateModified\":\"2025-05-26T14:02:43+00:00\",\"description\":\"Lesen Sie unsere Erkl\u00e4rung zur Barrierefreiheit im Internet, um zu verstehen, wie wir sicherstellen, dass diese Website f\u00fcr alle Benutzer zug\u00e4nglich ist, egal unter welchen Umst\u00e4nden.\",\"breadcrumb\":{\"@id\":\"https:\\\/\\\/hablaeli.es\\\/de\\\/erklaerung-zur-barrierefreiheit-im-internet\\\/#breadcrumb\"},\"inLanguage\":\"de\",\"potentialAction\":[{\"@type\":\"ReadAction\",\"target\":[\"https:\\\/\\\/hablaeli.es\\\/de\\\/erklaerung-zur-barrierefreiheit-im-internet\\\/\"]}]},{\"@type\":\"BreadcrumbList\",\"@id\":\"https:\\\/\\\/hablaeli.es\\\/de\\\/erklaerung-zur-barrierefreiheit-im-internet\\\/#breadcrumb\",\"itemListElement\":[{\"@type\":\"ListItem\",\"position\":1,\"name\":\"Portada\",\"item\":\"https:\\\/\\\/hablaeli.es\\\/\"},{\"@type\":\"ListItem\",\"position\":2,\"name\":\"Erkl\u00e4rung zur Barrierefreiheit im Internet\"}]},{\"@type\":\"WebSite\",\"@id\":\"https:\\\/\\\/hablaeli.es\\\/#website\",\"url\":\"https:\\\/\\\/hablaeli.es\\\/\",\"name\":\"Hablaeli\",\"description\":\"\",\"publisher\":{\"@id\":\"https:\\\/\\\/hablaeli.es\\\/#organization\"},\"alternateName\":\"Elisa Calcinari\",\"potentialAction\":[{\"@type\":\"SearchAction\",\"target\":{\"@type\":\"EntryPoint\",\"urlTemplate\":\"https:\\\/\\\/hablaeli.es\\\/?s={search_term_string}\"},\"query-input\":{\"@type\":\"PropertyValueSpecification\",\"valueRequired\":true,\"valueName\":\"search_term_string\"}}],\"inLanguage\":\"de\"},{\"@type\":\"Organization\",\"@id\":\"https:\\\/\\\/hablaeli.es\\\/#organization\",\"name\":\"Elisa Calcinari\",\"url\":\"https:\\\/\\\/hablaeli.es\\\/\",\"logo\":{\"@type\":\"ImageObject\",\"inLanguage\":\"de\",\"@id\":\"https:\\\/\\\/hablaeli.es\\\/#\\\/schema\\\/logo\\\/image\\\/\",\"url\":\"https:\\\/\\\/hablaeli.es\\\/wp-content\\\/uploads\\\/2025\\\/04\\\/cropped-logo.png\",\"contentUrl\":\"https:\\\/\\\/hablaeli.es\\\/wp-content\\\/uploads\\\/2025\\\/04\\\/cropped-logo.png\",\"width\":491,\"height\":491,\"caption\":\"Elisa Calcinari\"},\"image\":{\"@id\":\"https:\\\/\\\/hablaeli.es\\\/#\\\/schema\\\/logo\\\/image\\\/\"},\"sameAs\":[\"https:\\\/\\\/www.facebook.com\\\/people\\\/Habla_Eli\\\/61550985253961\\\/\"]}]}<\/script>\n<!-- \/ Yoast SEO plugin. -->","yoast_head_json":{"title":"Erkl\u00e4rung zur Barrierefreiheit im Internet - Hablaeli","description":"Lesen Sie unsere Erkl\u00e4rung zur Barrierefreiheit im Internet, um zu verstehen, wie wir sicherstellen, dass diese Website f\u00fcr alle Benutzer zug\u00e4nglich ist, egal unter welchen Umst\u00e4nden.","robots":{"index":"index","follow":"follow","max-snippet":"max-snippet:-1","max-image-preview":"max-image-preview:large","max-video-preview":"max-video-preview:-1"},"canonical":"https:\/\/hablaeli.es\/de\/erklaerung-zur-barrierefreiheit-im-internet\/","og_locale":"de_DE","og_type":"article","og_title":"Erkl\u00e4rung zur Barrierefreiheit im Internet - Hablaeli","og_description":"Lesen Sie unsere Erkl\u00e4rung zur Barrierefreiheit im Internet, um zu verstehen, wie wir sicherstellen, dass diese Website f\u00fcr alle Benutzer zug\u00e4nglich ist, egal unter welchen Umst\u00e4nden.","og_url":"https:\/\/hablaeli.es\/de\/erklaerung-zur-barrierefreiheit-im-internet\/","og_site_name":"Hablaeli","article_publisher":"https:\/\/www.facebook.com\/people\/Habla_Eli\/61550985253961\/","article_modified_time":"2025-05-26T14:02:43+00:00","og_image":[{"width":561,"height":561,"url":"https:\/\/hablaeli.es\/wp-content\/uploads\/2025\/04\/logo.png","type":"image\/png"}],"twitter_card":"summary_large_image","twitter_misc":{"Gesch\u00e4tzte Lesezeit":"6\u00a0Minuten"},"schema":{"@context":"https:\/\/schema.org","@graph":[{"@type":"WebPage","@id":"https:\/\/hablaeli.es\/de\/erklaerung-zur-barrierefreiheit-im-internet\/","url":"https:\/\/hablaeli.es\/de\/erklaerung-zur-barrierefreiheit-im-internet\/","name":"Erkl\u00e4rung zur Barrierefreiheit im Internet - Hablaeli","isPartOf":{"@id":"https:\/\/hablaeli.es\/#website"},"datePublished":"2025-04-02T10:38:43+00:00","dateModified":"2025-05-26T14:02:43+00:00","description":"Lesen Sie unsere Erkl\u00e4rung zur Barrierefreiheit im Internet, um zu verstehen, wie wir sicherstellen, dass diese Website f\u00fcr alle Benutzer zug\u00e4nglich ist, egal unter welchen Umst\u00e4nden.","breadcrumb":{"@id":"https:\/\/hablaeli.es\/de\/erklaerung-zur-barrierefreiheit-im-internet\/#breadcrumb"},"inLanguage":"de","potentialAction":[{"@type":"ReadAction","target":["https:\/\/hablaeli.es\/de\/erklaerung-zur-barrierefreiheit-im-internet\/"]}]},{"@type":"BreadcrumbList","@id":"https:\/\/hablaeli.es\/de\/erklaerung-zur-barrierefreiheit-im-internet\/#breadcrumb","itemListElement":[{"@type":"ListItem","position":1,"name":"Portada","item":"https:\/\/hablaeli.es\/"},{"@type":"ListItem","position":2,"name":"Erkl\u00e4rung zur Barrierefreiheit im Internet"}]},{"@type":"WebSite","@id":"https:\/\/hablaeli.es\/#website","url":"https:\/\/hablaeli.es\/","name":"Hablaeli","description":"","publisher":{"@id":"https:\/\/hablaeli.es\/#organization"},"alternateName":"Elisa Calcinari","potentialAction":[{"@type":"SearchAction","target":{"@type":"EntryPoint","urlTemplate":"https:\/\/hablaeli.es\/?s={search_term_string}"},"query-input":{"@type":"PropertyValueSpecification","valueRequired":true,"valueName":"search_term_string"}}],"inLanguage":"de"},{"@type":"Organization","@id":"https:\/\/hablaeli.es\/#organization","name":"Elisa Calcinari","url":"https:\/\/hablaeli.es\/","logo":{"@type":"ImageObject","inLanguage":"de","@id":"https:\/\/hablaeli.es\/#\/schema\/logo\/image\/","url":"https:\/\/hablaeli.es\/wp-content\/uploads\/2025\/04\/cropped-logo.png","contentUrl":"https:\/\/hablaeli.es\/wp-content\/uploads\/2025\/04\/cropped-logo.png","width":491,"height":491,"caption":"Elisa Calcinari"},"image":{"@id":"https:\/\/hablaeli.es\/#\/schema\/logo\/image\/"},"sameAs":["https:\/\/www.facebook.com\/people\/Habla_Eli\/61550985253961\/"]}]}},"_links":{"self":[{"href":"https:\/\/hablaeli.es\/de\/wp-json\/wp\/v2\/pages\/255","targetHints":{"allow":["GET"]}}],"collection":[{"href":"https:\/\/hablaeli.es\/de\/wp-json\/wp\/v2\/pages"}],"about":[{"href":"https:\/\/hablaeli.es\/de\/wp-json\/wp\/v2\/types\/page"}],"author":[{"embeddable":true,"href":"https:\/\/hablaeli.es\/de\/wp-json\/wp\/v2\/users\/1"}],"replies":[{"embeddable":true,"href":"https:\/\/hablaeli.es\/de\/wp-json\/wp\/v2\/comments?post=255"}],"version-history":[{"count":6,"href":"https:\/\/hablaeli.es\/de\/wp-json\/wp\/v2\/pages\/255\/revisions"}],"predecessor-version":[{"id":72140,"href":"https:\/\/hablaeli.es\/de\/wp-json\/wp\/v2\/pages\/255\/revisions\/72140"}],"wp:attachment":[{"href":"https:\/\/hablaeli.es\/de\/wp-json\/wp\/v2\/media?parent=255"}],"curies":[{"name":"wp","href":"https:\/\/api.w.org\/{rel}","templated":true}]}}