{"id":258,"date":"2025-04-02T10:27:19","date_gmt":"2025-04-02T10:27:19","guid":{"rendered":"https:\/\/hablaeli.es\/nutzungsbedingungen\/"},"modified":"2025-05-26T14:02:23","modified_gmt":"2025-05-26T14:02:23","slug":"nutzungsbedingungen","status":"publish","type":"page","link":"https:\/\/hablaeli.es\/de\/nutzungsbedingungen\/","title":{"rendered":"Nutzungsbedingungen"},"content":{"rendered":"<p>[et_pb_section fb_built=&#8220;1&#8243; _builder_version=&#8220;4.27.4&#8243; _module_preset=&#8220;default&#8220; custom_margin=&#8220;||||false|false&#8220; custom_padding=&#8220;25px||25px||true|false&#8220; global_colors_info=&#8220;{}&#8220;][et_pb_row _builder_version=&#8220;4.20.4&#8243; _module_preset=&#8220;default&#8220; max_width=&#8220;80%&#8220; global_colors_info=&#8220;{}&#8220;][et_pb_column type=&#8220;4_4&#8243; _builder_version=&#8220;4.20.4&#8243; _module_preset=&#8220;default&#8220; global_colors_info=&#8220;{}&#8220;][et_pb_text _builder_version=&#8220;4.27.4&#8243; _module_preset=&#8220;default&#8220; text_font=&#8220;&#8211;et_global_body_font||||||||&#8220; text_text_color=&#8220;#000000&#8243; text_font_size=&#8220;18px&#8220; header_font=&#8220;&#8211;et_global_heading_font|800||on|||||&#8220; header_text_color=&#8220;#000000&#8243; header_font_size=&#8220;38px&#8220; global_colors_info=&#8220;{}&#8220;]<\/p>\n<h1>Nutzungsbedingungen<\/h1>\n<p>[\/et_pb_text][et_pb_text _builder_version=&#8220;4.27.4&#8243; _module_preset=&#8220;default&#8220; text_font=&#8220;&#8211;et_global_body_font||||||||&#8220; text_text_color=&#8220;#000000&#8243; text_font_size=&#8220;18px&#8220; custom_margin=&#8220;||7px||false|false&#8220; global_colors_info=&#8220;{}&#8220;]<\/p>\n<p><strong>Elisa Calcinari<\/strong> hat als Verantwortliche f\u00fcr diese Website und in \u00dcbereinstimmung mit den Bestimmungen des Gesetzes 15\/1999 vom 13. Dezember \u00fcber den Schutz personenbezogener Daten (LOPD) und des Gesetzes 34\/2002 vom 11. Juli \u00fcber Dienstleistungen der Informationsgesellschaft und des elektronischen Gesch\u00e4ftsverkehrs (LSSICE) die entsprechenden Ma\u00dfnahmen, Mittel sowie technischen und organisatorischen Verfahren eingef\u00fchrt, um die Vertraulichkeit, die Integrit\u00e4t und die Verf\u00fcgbarkeit der personenbezogenen Daten ihrer Nutzer zu gew\u00e4hrleisten und zu sch\u00fctzen.<\/p>\n<p>[\/et_pb_text][et_pb_text _builder_version=&#8220;4.27.4&#8243; _module_preset=&#8220;default&#8220; text_font=&#8220;&#8211;et_global_body_font||||||||&#8220; text_text_color=&#8220;#000000&#8243; text_font_size=&#8220;18px&#8220; global_colors_info=&#8220;{}&#8220;]<\/p>\n<p>Diese Daten werden in einer\/mehreren Datei(en) verarbeitet, die ordnungsgem\u00e4\u00df bei der spanischen Datenschutzbeh\u00f6rde registriert ist\/sind, in \u00dcbereinstimmung mit den Bestimmungen der geltenden Gesetzgebung.<\/p>\n<p>[\/et_pb_text][et_pb_text _builder_version=&#8220;4.27.4&#8243; _module_preset=&#8220;default&#8220; text_font=&#8220;&#8211;et_global_body_font||||||||&#8220; text_text_color=&#8220;#000000&#8243; text_font_size=&#8220;18px&#8220; header_2_font=&#8220;&#8211;et_global_heading_font|700|||||||&#8220; header_2_text_color=&#8220;#000000&#8243; header_2_font_size=&#8220;28px&#8220; custom_margin=&#8220;||0px||false|false&#8220; global_colors_info=&#8220;{}&#8220;]<\/p>\n<h2>Zweck der Datenerhebung<\/h2>\n<p>[\/et_pb_text][et_pb_text _builder_version=&#8220;4.27.4&#8243; _module_preset=&#8220;default&#8220; text_font=&#8220;&#8211;et_global_body_font||||||||&#8220; text_text_color=&#8220;#000000&#8243; text_font_size=&#8220;18px&#8220; custom_margin=&#8220;||15px||false|false&#8220; global_colors_info=&#8220;{}&#8220;]<\/p>\n<p>F\u00fcr den Fall, dass die vom <strong>Nutzer<\/strong> bereitzustellenden <strong>Daten<\/strong> f\u00fcr <strong>Elisa Calcinari<\/strong> <strong>notwendig sind<\/strong>, um:<\/p>\n<p>[\/et_pb_text][et_pb_text _builder_version=&#8220;4.27.4&#8243; _module_preset=&#8220;default&#8220; text_font=&#8220;&#8211;et_global_body_font||||||||&#8220; text_text_color=&#8220;#000000&#8243; text_font_size=&#8220;18px&#8220; custom_margin=&#8220;||15px||false|false&#8220; global_colors_info=&#8220;{}&#8220;]<\/p>\n<p style=\"padding-left: 40px;\">i) Beantwortung von <strong>Anfragen<\/strong>, Bereitstellung von Informationen, die vom Benutzer angefordert werden;<\/p>\n<p>[\/et_pb_text][et_pb_text _builder_version=&#8220;4.27.4&#8243; _module_preset=&#8220;default&#8220; text_font=&#8220;&#8211;et_global_body_font||||||||&#8220; text_text_color=&#8220;#000000&#8243; text_font_size=&#8220;18px&#8220; custom_margin=&#8220;||15px||false|false&#8220; global_colors_info=&#8220;{}&#8220;]<\/p>\n<p style=\"padding-left: 40px;\">ii) alle vom Nutzer vertraglich vereinbarten oder abonnierten <strong>Dienstleistungen<\/strong> und\/oder Produkte bereitzustellen;<\/p>\n<p>[\/et_pb_text][et_pb_text _builder_version=&#8220;4.27.4&#8243; _module_preset=&#8220;default&#8220; text_font=&#8220;&#8211;et_global_body_font||||||||&#8220; text_text_color=&#8220;#000000&#8243; text_font_size=&#8220;18px&#8220; custom_margin=&#8220;||7px||false|false&#8220; global_colors_info=&#8220;{}&#8220;]<\/p>\n<p style=\"padding-left: 40px;\">iii) um dem Benutzer den Zugang zu bestimmten Funktionen der Website zu erm\u00f6glichen; oder:<\/p>\n<p>[\/et_pb_text][et_pb_text _builder_version=&#8220;4.27.4&#8243; _module_preset=&#8220;default&#8220; text_font=&#8220;&#8211;et_global_body_font||||||||&#8220; text_text_color=&#8220;#000000&#8243; text_font_size=&#8220;18px&#8220; custom_margin=&#8220;||7px||false|false&#8220; global_colors_info=&#8220;{}&#8220;]<\/p>\n<p style=\"padding-left: 40px;\">iv) Um alle hier beschriebenen <strong>Aktivit\u00e4ten von Elisa Calcinari<\/strong> durchf\u00fchren zu k\u00f6nnen, <strong>wird Elisa Calcinari den Nutzer \u00fcber diese Verpflichtung informieren<\/strong> und ihm mitteilen, welche Daten ausgef\u00fcllt werden m\u00fcssen.<\/p>\n<p>[\/et_pb_text][et_pb_text _builder_version=&#8220;4.27.4&#8243; _module_preset=&#8220;default&#8220; text_font=&#8220;&#8211;et_global_body_font||||||||&#8220; text_text_color=&#8220;#000000&#8243; text_font_size=&#8220;18px&#8220; hover_enabled=&#8220;0&#8243; global_colors_info=&#8220;{}&#8220; sticky_enabled=&#8220;0&#8243;]<\/p>\n<p style=\"padding-left: 40px;\">Dementsprechend und durch die Angabe, \u00dcbermittlung oder Eingabe dieser Daten und in \u00dcbereinstimmung mit den Bestimmungen von Artikel 6 des L.O.P.D. gibt der Nutzer <strong>Elisa Calcinari<\/strong> die unmissverst\u00e4ndliche Zustimmung zur Verarbeitung der angegebenen Daten f\u00fcr die oben genannten Zwecke sowie f\u00fcr die m\u00f6gliche Zusendung von kommerziellen Mitteilungen von <strong>Elisa Calcinari<\/strong>, die f\u00fcr den Nutzer von Interesse sein k\u00f6nnten.<\/p>\n<p>[\/et_pb_text][et_pb_text _builder_version=&#8220;4.27.4&#8243; _module_preset=&#8220;default&#8220; text_font=&#8220;&#8211;et_global_body_font||||||||&#8220; text_text_color=&#8220;#000000&#8243; text_font_size=&#8220;18px&#8220; header_2_font=&#8220;&#8211;et_global_heading_font|700|||||||&#8220; header_2_text_color=&#8220;#000000&#8243; header_2_font_size=&#8220;28px&#8220; custom_margin=&#8220;||0px||false|false&#8220; global_colors_info=&#8220;{}&#8220;]<\/p>\n<h2>Haftung f\u00fcr Datenschutz<\/h2>\n<p>[\/et_pb_text][et_pb_text _builder_version=&#8220;4.27.4&#8243; _module_preset=&#8220;default&#8220; text_font=&#8220;&#8211;et_global_body_font||||||||&#8220; text_text_color=&#8220;#000000&#8243; text_font_size=&#8220;18px&#8220; custom_margin=&#8220;||7px||false|false&#8220; global_colors_info=&#8220;{}&#8220;]<\/p>\n<p>Die <strong>f\u00fcr die Datenbank verantwortliche Stelle sowie die Personen, die<\/strong> in irgendeiner Phase der Verarbeitung <strong>beteiligt sind<\/strong> und\/oder die Stellen, denen sie mitgeteilt wurden.<\/p>\n<p>[\/et_pb_text][et_pb_text _builder_version=&#8220;4.27.4&#8243; _module_preset=&#8220;default&#8220; text_font=&#8220;&#8211;et_global_body_font||||||||&#8220; text_text_color=&#8220;#000000&#8243; text_font_size=&#8220;18px&#8220; custom_margin=&#8220;||7px||false|false&#8220; global_colors_info=&#8220;{}&#8220;]<\/p>\n<p>Gegebenenfalls und aufgrund der entsprechenden Genehmigung des Nutzers.<\/p>\n<p>[\/et_pb_text][et_pb_text _builder_version=&#8220;4.27.4&#8243; _module_preset=&#8220;default&#8220; text_font=&#8220;&#8211;et_global_body_font||||||||&#8220; text_text_color=&#8220;#000000&#8243; text_font_size=&#8220;18px&#8220; custom_margin=&#8220;||7px||false|false&#8220; hover_enabled=&#8220;0&#8243; global_colors_info=&#8220;{}&#8220; sticky_enabled=&#8220;0&#8243;]<\/p>\n<p>Folglich sind die Nutzer <strong>verpflichtet, das Berufsgeheimnis zu wahren und die<\/strong> ihnen zur Verf\u00fcgung stehenden <strong>Schutzniveaus<\/strong> sowie die notwendigen technischen und organisatorischen Ma\u00dfnahmen zu <strong>ergreifen<\/strong>, um <strong>die Sicherheit der personenbezogenen Daten zu gew\u00e4hrleisten.<\/strong><\/p>\n<p>[\/et_pb_text][et_pb_text _builder_version=&#8220;4.27.4&#8243; _module_preset=&#8220;default&#8220; text_font=&#8220;&#8211;et_global_body_font||||||||&#8220; text_text_color=&#8220;#000000&#8243; text_font_size=&#8220;18px&#8220; custom_margin=&#8220;||7px||false|false&#8220; global_colors_info=&#8220;{}&#8220;]<\/p>\n<p>So weit wie m\u00f6glich den unbefugten Zugriff, unerlaubte \u00c4nderungen, Diebstahl und\/oder Verlust von Daten zu vermeiden, um das entsprechende Sicherheitsniveau f\u00fcr die Dateien von <strong>Elisa Calcinari<\/strong> zu gew\u00e4hrleisten, je nach Art und Sensibilit\u00e4t der von den Benutzern dieser Website bereitgestellten Daten.<\/p>\n<p>[\/et_pb_text][et_pb_text _builder_version=&#8220;4.27.4&#8243; _module_preset=&#8220;default&#8220; text_font=&#8220;&#8211;et_global_body_font||||||||&#8220; text_text_color=&#8220;#000000&#8243; text_font_size=&#8220;18px&#8220; custom_margin=&#8220;||15px||false|false&#8220; global_colors_info=&#8220;{}&#8220;]<\/p>\n<p>Ebenso verpflichtet sich <strong>Elisa Calcinari<\/strong>, die entsprechenden Sicherheitsma\u00dfnahmen gem\u00e4\u00df den Bestimmungen der Verordnung \u00fcber Sicherheitsma\u00dfnahmen (R.D. 1720\/2007) getroffen zu haben.<\/p>\n<p>[\/et_pb_text][et_pb_text _builder_version=&#8220;4.27.4&#8243; _module_preset=&#8220;default&#8220; text_font=&#8220;&#8211;et_global_body_font||||||||&#8220; text_text_color=&#8220;#000000&#8243; text_font_size=&#8220;18px&#8220; hover_enabled=&#8220;0&#8243; global_colors_info=&#8220;{}&#8220; sticky_enabled=&#8220;0&#8243;]<\/p>\n<p>Schlie\u00dflich<strong> haben die Nutzer<\/strong> durch das Organgesetz \u00fcber den Datenschutz das <strong>Recht auf Zugang, Berichtigung, L\u00f6schung und Widerspruch<\/strong> sowie gegebenenfalls das <strong>Recht, die<\/strong> erteilte <strong>Zustimmung<\/strong> zum Erhalt kommerzieller Mitteilungen <strong>jederzeit zu widerrufen<\/strong>, indem sie <strong>eine E-Mail an<\/strong> <a href=\"mailto:info@hablaeli.es\" target=\"_blank\" rel=\"noopener\" title=\"E-Mail senden\">info@hablaeli.es<\/a> oder einen <strong>Brief an C. Lepanto, 8-10, 35660 Corralejo, Las Palmas<\/strong> <strong>senden<\/strong>.<\/p>\n<p>[\/et_pb_text][\/et_pb_column][\/et_pb_row][\/et_pb_section]<\/p>\n","protected":false},"excerpt":{"rendered":"<p>NutzungsbedingungenElisa Calcinari hat als Verantwortliche f\u00fcr diese Website und in \u00dcbereinstimmung mit den Bestimmungen des Gesetzes 15\/1999 vom 13. Dezember \u00fcber den Schutz personenbezogener Daten (LOPD) und des Gesetzes 34\/2002 vom 11. Juli \u00fcber Dienstleistungen der Informationsgesellschaft und des elektronischen Gesch\u00e4ftsverkehrs (LSSICE) die entsprechenden Ma\u00dfnahmen, Mittel sowie technischen und organisatorischen Verfahren eingef\u00fchrt, um die Vertraulichkeit, [&hellip;]<\/p>\n","protected":false},"author":1,"featured_media":0,"parent":0,"menu_order":0,"comment_status":"closed","ping_status":"closed","template":"","meta":{"_et_pb_use_builder":"on","_et_pb_old_content":"","_et_gb_content_width":"","footnotes":""},"class_list":["post-258","page","type-page","status-publish","hentry"],"yoast_head":"<!-- This site is optimized with the Yoast SEO plugin v27.4 - https:\/\/yoast.com\/product\/yoast-seo-wordpress\/ -->\n<title>Nutzungsbedingungen - Hablaeli<\/title>\n<meta name=\"description\" content=\"Lesen Sie unsere Nutzungsbedingungen, um die Regeln, Rechte und Pflichten bei der Nutzung dieser Website und der Dienste zu verstehen.\" \/>\n<meta name=\"robots\" content=\"index, follow, max-snippet:-1, max-image-preview:large, max-video-preview:-1\" \/>\n<link rel=\"canonical\" href=\"https:\/\/hablaeli.es\/de\/nutzungsbedingungen\/\" \/>\n<meta property=\"og:locale\" content=\"de_DE\" \/>\n<meta property=\"og:type\" content=\"article\" \/>\n<meta property=\"og:title\" content=\"Nutzungsbedingungen - Hablaeli\" \/>\n<meta property=\"og:description\" content=\"Lesen Sie unsere Nutzungsbedingungen, um die Regeln, Rechte und Pflichten bei der Nutzung dieser Website und der Dienste zu verstehen.\" \/>\n<meta property=\"og:url\" content=\"https:\/\/hablaeli.es\/de\/nutzungsbedingungen\/\" \/>\n<meta property=\"og:site_name\" content=\"Hablaeli\" \/>\n<meta property=\"article:publisher\" content=\"https:\/\/www.facebook.com\/people\/Habla_Eli\/61550985253961\/\" \/>\n<meta property=\"article:modified_time\" content=\"2025-05-26T14:02:23+00:00\" \/>\n<meta property=\"og:image\" content=\"https:\/\/hablaeli.es\/wp-content\/uploads\/2025\/04\/logo.png\" \/>\n\t<meta property=\"og:image:width\" content=\"561\" \/>\n\t<meta property=\"og:image:height\" content=\"561\" \/>\n\t<meta property=\"og:image:type\" content=\"image\/png\" \/>\n<meta name=\"twitter:card\" content=\"summary_large_image\" \/>\n<meta name=\"twitter:label1\" content=\"Gesch\u00e4tzte Lesezeit\" \/>\n\t<meta name=\"twitter:data1\" content=\"5\u00a0Minuten\" \/>\n<script type=\"application\/ld+json\" class=\"yoast-schema-graph\">{\"@context\":\"https:\\\/\\\/schema.org\",\"@graph\":[{\"@type\":\"WebPage\",\"@id\":\"https:\\\/\\\/hablaeli.es\\\/de\\\/nutzungsbedingungen\\\/\",\"url\":\"https:\\\/\\\/hablaeli.es\\\/de\\\/nutzungsbedingungen\\\/\",\"name\":\"Nutzungsbedingungen - Hablaeli\",\"isPartOf\":{\"@id\":\"https:\\\/\\\/hablaeli.es\\\/#website\"},\"datePublished\":\"2025-04-02T10:27:19+00:00\",\"dateModified\":\"2025-05-26T14:02:23+00:00\",\"description\":\"Lesen Sie unsere Nutzungsbedingungen, um die Regeln, Rechte und Pflichten bei der Nutzung dieser Website und der Dienste zu verstehen.\",\"breadcrumb\":{\"@id\":\"https:\\\/\\\/hablaeli.es\\\/de\\\/nutzungsbedingungen\\\/#breadcrumb\"},\"inLanguage\":\"de\",\"potentialAction\":[{\"@type\":\"ReadAction\",\"target\":[\"https:\\\/\\\/hablaeli.es\\\/de\\\/nutzungsbedingungen\\\/\"]}]},{\"@type\":\"BreadcrumbList\",\"@id\":\"https:\\\/\\\/hablaeli.es\\\/de\\\/nutzungsbedingungen\\\/#breadcrumb\",\"itemListElement\":[{\"@type\":\"ListItem\",\"position\":1,\"name\":\"Portada\",\"item\":\"https:\\\/\\\/hablaeli.es\\\/\"},{\"@type\":\"ListItem\",\"position\":2,\"name\":\"Nutzungsbedingungen\"}]},{\"@type\":\"WebSite\",\"@id\":\"https:\\\/\\\/hablaeli.es\\\/#website\",\"url\":\"https:\\\/\\\/hablaeli.es\\\/\",\"name\":\"Hablaeli\",\"description\":\"\",\"publisher\":{\"@id\":\"https:\\\/\\\/hablaeli.es\\\/#organization\"},\"alternateName\":\"Elisa Calcinari\",\"potentialAction\":[{\"@type\":\"SearchAction\",\"target\":{\"@type\":\"EntryPoint\",\"urlTemplate\":\"https:\\\/\\\/hablaeli.es\\\/?s={search_term_string}\"},\"query-input\":{\"@type\":\"PropertyValueSpecification\",\"valueRequired\":true,\"valueName\":\"search_term_string\"}}],\"inLanguage\":\"de\"},{\"@type\":\"Organization\",\"@id\":\"https:\\\/\\\/hablaeli.es\\\/#organization\",\"name\":\"Elisa Calcinari\",\"url\":\"https:\\\/\\\/hablaeli.es\\\/\",\"logo\":{\"@type\":\"ImageObject\",\"inLanguage\":\"de\",\"@id\":\"https:\\\/\\\/hablaeli.es\\\/#\\\/schema\\\/logo\\\/image\\\/\",\"url\":\"https:\\\/\\\/hablaeli.es\\\/wp-content\\\/uploads\\\/2025\\\/04\\\/cropped-logo.png\",\"contentUrl\":\"https:\\\/\\\/hablaeli.es\\\/wp-content\\\/uploads\\\/2025\\\/04\\\/cropped-logo.png\",\"width\":491,\"height\":491,\"caption\":\"Elisa Calcinari\"},\"image\":{\"@id\":\"https:\\\/\\\/hablaeli.es\\\/#\\\/schema\\\/logo\\\/image\\\/\"},\"sameAs\":[\"https:\\\/\\\/www.facebook.com\\\/people\\\/Habla_Eli\\\/61550985253961\\\/\"]}]}<\/script>\n<!-- \/ Yoast SEO plugin. -->","yoast_head_json":{"title":"Nutzungsbedingungen - Hablaeli","description":"Lesen Sie unsere Nutzungsbedingungen, um die Regeln, Rechte und Pflichten bei der Nutzung dieser Website und der Dienste zu verstehen.","robots":{"index":"index","follow":"follow","max-snippet":"max-snippet:-1","max-image-preview":"max-image-preview:large","max-video-preview":"max-video-preview:-1"},"canonical":"https:\/\/hablaeli.es\/de\/nutzungsbedingungen\/","og_locale":"de_DE","og_type":"article","og_title":"Nutzungsbedingungen - Hablaeli","og_description":"Lesen Sie unsere Nutzungsbedingungen, um die Regeln, Rechte und Pflichten bei der Nutzung dieser Website und der Dienste zu verstehen.","og_url":"https:\/\/hablaeli.es\/de\/nutzungsbedingungen\/","og_site_name":"Hablaeli","article_publisher":"https:\/\/www.facebook.com\/people\/Habla_Eli\/61550985253961\/","article_modified_time":"2025-05-26T14:02:23+00:00","og_image":[{"width":561,"height":561,"url":"https:\/\/hablaeli.es\/wp-content\/uploads\/2025\/04\/logo.png","type":"image\/png"}],"twitter_card":"summary_large_image","twitter_misc":{"Gesch\u00e4tzte Lesezeit":"5\u00a0Minuten"},"schema":{"@context":"https:\/\/schema.org","@graph":[{"@type":"WebPage","@id":"https:\/\/hablaeli.es\/de\/nutzungsbedingungen\/","url":"https:\/\/hablaeli.es\/de\/nutzungsbedingungen\/","name":"Nutzungsbedingungen - Hablaeli","isPartOf":{"@id":"https:\/\/hablaeli.es\/#website"},"datePublished":"2025-04-02T10:27:19+00:00","dateModified":"2025-05-26T14:02:23+00:00","description":"Lesen Sie unsere Nutzungsbedingungen, um die Regeln, Rechte und Pflichten bei der Nutzung dieser Website und der Dienste zu verstehen.","breadcrumb":{"@id":"https:\/\/hablaeli.es\/de\/nutzungsbedingungen\/#breadcrumb"},"inLanguage":"de","potentialAction":[{"@type":"ReadAction","target":["https:\/\/hablaeli.es\/de\/nutzungsbedingungen\/"]}]},{"@type":"BreadcrumbList","@id":"https:\/\/hablaeli.es\/de\/nutzungsbedingungen\/#breadcrumb","itemListElement":[{"@type":"ListItem","position":1,"name":"Portada","item":"https:\/\/hablaeli.es\/"},{"@type":"ListItem","position":2,"name":"Nutzungsbedingungen"}]},{"@type":"WebSite","@id":"https:\/\/hablaeli.es\/#website","url":"https:\/\/hablaeli.es\/","name":"Hablaeli","description":"","publisher":{"@id":"https:\/\/hablaeli.es\/#organization"},"alternateName":"Elisa Calcinari","potentialAction":[{"@type":"SearchAction","target":{"@type":"EntryPoint","urlTemplate":"https:\/\/hablaeli.es\/?s={search_term_string}"},"query-input":{"@type":"PropertyValueSpecification","valueRequired":true,"valueName":"search_term_string"}}],"inLanguage":"de"},{"@type":"Organization","@id":"https:\/\/hablaeli.es\/#organization","name":"Elisa Calcinari","url":"https:\/\/hablaeli.es\/","logo":{"@type":"ImageObject","inLanguage":"de","@id":"https:\/\/hablaeli.es\/#\/schema\/logo\/image\/","url":"https:\/\/hablaeli.es\/wp-content\/uploads\/2025\/04\/cropped-logo.png","contentUrl":"https:\/\/hablaeli.es\/wp-content\/uploads\/2025\/04\/cropped-logo.png","width":491,"height":491,"caption":"Elisa Calcinari"},"image":{"@id":"https:\/\/hablaeli.es\/#\/schema\/logo\/image\/"},"sameAs":["https:\/\/www.facebook.com\/people\/Habla_Eli\/61550985253961\/"]}]}},"_links":{"self":[{"href":"https:\/\/hablaeli.es\/de\/wp-json\/wp\/v2\/pages\/258","targetHints":{"allow":["GET"]}}],"collection":[{"href":"https:\/\/hablaeli.es\/de\/wp-json\/wp\/v2\/pages"}],"about":[{"href":"https:\/\/hablaeli.es\/de\/wp-json\/wp\/v2\/types\/page"}],"author":[{"embeddable":true,"href":"https:\/\/hablaeli.es\/de\/wp-json\/wp\/v2\/users\/1"}],"replies":[{"embeddable":true,"href":"https:\/\/hablaeli.es\/de\/wp-json\/wp\/v2\/comments?post=258"}],"version-history":[{"count":4,"href":"https:\/\/hablaeli.es\/de\/wp-json\/wp\/v2\/pages\/258\/revisions"}],"predecessor-version":[{"id":72132,"href":"https:\/\/hablaeli.es\/de\/wp-json\/wp\/v2\/pages\/258\/revisions\/72132"}],"wp:attachment":[{"href":"https:\/\/hablaeli.es\/de\/wp-json\/wp\/v2\/media?parent=258"}],"curies":[{"name":"wp","href":"https:\/\/api.w.org\/{rel}","templated":true}]}}