{"id":261,"date":"2025-04-02T10:36:08","date_gmt":"2025-04-02T10:36:08","guid":{"rendered":"https:\/\/hablaeli.es\/datenschutzbestimmungen\/"},"modified":"2025-05-26T14:01:27","modified_gmt":"2025-05-26T14:01:27","slug":"datenschutzbestimmungen","status":"publish","type":"page","link":"https:\/\/hablaeli.es\/de\/datenschutzbestimmungen\/","title":{"rendered":"Datenschutzbestimmungen"},"content":{"rendered":"<p>[et_pb_section fb_built=&#8220;1&#8243; _builder_version=&#8220;4.27.4&#8243; _module_preset=&#8220;default&#8220; hover_enabled=&#8220;0&#8243; global_colors_info=&#8220;{}&#8220; custom_padding=&#8220;25px||25px||true|false&#8220; sticky_enabled=&#8220;0&#8243;][et_pb_row _builder_version=&#8220;4.20.4&#8243; _module_preset=&#8220;default&#8220; max_width=&#8220;80%&#8220; global_colors_info=&#8220;{}&#8220;][et_pb_column type=&#8220;4_4&#8243; _builder_version=&#8220;4.20.4&#8243; _module_preset=&#8220;default&#8220; global_colors_info=&#8220;{}&#8220;][et_pb_text _builder_version=&#8220;4.27.4&#8243; _module_preset=&#8220;default&#8220; text_font=&#8220;&#8211;et_global_body_font||||||||&#8220; text_text_color=&#8220;#000000&#8243; text_font_size=&#8220;18px&#8220; header_font=&#8220;&#8211;et_global_heading_font|800||on|||||&#8220; header_text_color=&#8220;#000000&#8243; header_font_size=&#8220;38px&#8220; hover_enabled=&#8220;0&#8243; global_colors_info=&#8220;{}&#8220; sticky_enabled=&#8220;0&#8243;]<\/p>\n<h1>Cookies und Datenschutzbestimmungen<\/h1>\n<p>[\/et_pb_text][et_pb_text _builder_version=&#8220;4.27.4&#8243; _module_preset=&#8220;default&#8220; text_font=&#8220;&#8211;et_global_body_font||||||||&#8220; text_text_color=&#8220;#000000&#8243; text_font_size=&#8220;18px&#8220; hover_enabled=&#8220;0&#8243; global_colors_info=&#8220;{}&#8220; sticky_enabled=&#8220;0&#8243;]<\/p>\n<p>Diese Website verwendet Cookies, um die Benutzerfreundlichkeit zu verbessern. Nachstehend finden Sie Informationen dar\u00fcber, was Cookies sind, welche Art von Cookies diese Website verwendet, wie Sie Cookies in Ihrem Browser deaktivieren k\u00f6nnen und wie Sie speziell die Installation von Cookies von Drittanbietern deaktivieren k\u00f6nnen. Sollten Sie die gesuchten Informationen nicht finden, senden Sie bitte eine E-Mail an info@hablaeli.es.  <\/p>\n<p>[\/et_pb_text][et_pb_text _builder_version=&#8220;4.27.4&#8243; _module_preset=&#8220;default&#8220; text_font=&#8220;&#8211;et_global_body_font||||||||&#8220; text_text_color=&#8220;#000000&#8243; text_font_size=&#8220;18px&#8220; header_2_font=&#8220;&#8211;et_global_heading_font|700|||||||&#8220; header_2_text_color=&#8220;#000000&#8243; header_2_font_size=&#8220;28px&#8220; custom_margin=&#8220;||0px||false|false&#8220; hover_enabled=&#8220;0&#8243; global_colors_info=&#8220;{}&#8220; sticky_enabled=&#8220;0&#8243;]<\/p>\n<h2>Was sind Cookies?<\/h2>\n<p>[\/et_pb_text][et_pb_text _builder_version=&#8220;4.27.4&#8243; _module_preset=&#8220;default&#8220; text_font=&#8220;&#8211;et_global_body_font||||||||&#8220; text_text_color=&#8220;#000000&#8243; text_font_size=&#8220;18px&#8220; hover_enabled=&#8220;0&#8243; global_colors_info=&#8220;{}&#8220; sticky_enabled=&#8220;0&#8243;]<\/p>\n<p>Cookies sind kleine Dateien, die einige Plattformen, wie z. B. Websites, auf Ihrem Computer, Smartphone, Tablet oder angeschlossenen Fernsehger\u00e4t installieren k\u00f6nnen. Ihre Funktionen k\u00f6nnen sehr vielf\u00e4ltig sein: Sie speichern Ihre Surf-Pr\u00e4ferenzen, sammeln statistische Informationen, erm\u00f6glichen bestimmte technische Funktionen usw. <\/p>\n<p>[\/et_pb_text][et_pb_text _builder_version=&#8220;4.27.4&#8243; _module_preset=&#8220;default&#8220; text_font=&#8220;&#8211;et_global_body_font||||||||&#8220; text_text_color=&#8220;#000000&#8243; text_font_size=&#8220;18px&#8220; header_2_font=&#8220;&#8211;et_global_heading_font|700|||||||&#8220; header_2_text_color=&#8220;#000000&#8243; header_2_font_size=&#8220;28px&#8220; custom_margin=&#8220;||0px||false|false&#8220; hover_enabled=&#8220;0&#8243; global_colors_info=&#8220;{}&#8220; sticky_enabled=&#8220;0&#8243;]<\/p>\n<h2>Warum verwenden wir sie?<\/h2>\n<p>[\/et_pb_text][et_pb_text _builder_version=&#8220;4.27.4&#8243; _module_preset=&#8220;default&#8220; text_font=&#8220;&#8211;et_global_body_font||||||||&#8220; text_text_color=&#8220;#000000&#8243; text_font_size=&#8220;18px&#8220; hover_enabled=&#8220;0&#8243; global_colors_info=&#8220;{}&#8220; sticky_enabled=&#8220;0&#8243;]<\/p>\n<p>Cookies sind aus mehreren Gr\u00fcnden n\u00fctzlich. Aus technischer Sicht erm\u00f6glichen sie es den Webseiten, agiler zu arbeiten und sich an Ihre Pr\u00e4ferenzen anzupassen, indem sie beispielsweise Ihre Sprache oder die W\u00e4hrung Ihres Landes speichern. Au\u00dferdem helfen sie den Betreibern der Website, dank der statistischen Informationen, die sie sammeln, die angebotenen Dienste zu verbessern, und dienen dazu, die Werbung, die wir Ihnen zeigen k\u00f6nnen, effizienter zu gestalten.  <\/p>\n<p>[\/et_pb_text][et_pb_text _builder_version=&#8220;4.27.4&#8243; _module_preset=&#8220;default&#8220; text_font=&#8220;&#8211;et_global_body_font||||||||&#8220; text_text_color=&#8220;#000000&#8243; text_font_size=&#8220;18px&#8220; header_2_font=&#8220;&#8211;et_global_heading_font|700|||||||&#8220; header_2_text_color=&#8220;#000000&#8243; header_2_font_size=&#8220;28px&#8220; custom_margin=&#8220;||0px||false|false&#8220; hover_enabled=&#8220;0&#8243; global_colors_info=&#8220;{}&#8220; sticky_enabled=&#8220;0&#8243;]<\/p>\n<h2>Wof\u00fcr verwenden wir die verschiedenen Arten von Cookies?<\/h2>\n<p>[\/et_pb_text][et_pb_text _builder_version=&#8220;4.27.4&#8243; _module_preset=&#8220;default&#8220; text_font=&#8220;&#8211;et_global_body_font||||||||&#8220; text_text_color=&#8220;#000000&#8243; text_font_size=&#8220;18px&#8220; custom_margin=&#8220;||0px||false|false&#8220; custom_padding=&#8220;||0px||false|false&#8220; hover_enabled=&#8220;0&#8243; global_colors_info=&#8220;{}&#8220; sticky_enabled=&#8220;0&#8243;]<\/p>\n<ul>\n<li style=\"list-style-type: none;\">\n<ul>\n<li><span style=\"text-decoration: underline;\">Sitzungs Cookies<\/span>: Sitzungscookies sind Cookies, die so lange bestehen, wie der Nutzer auf der Website surft, und am Ende gel\u00f6scht werden.<\/li>\n<\/ul>\n<\/li>\n<li style=\"list-style-type: none;\">\n<ul>\n<li><span style=\"text-decoration: underline;\">Dauerhafte Cookies<\/span>: Diese Cookies werden auf dem Endger\u00e4t des Nutzers f\u00fcr eine l\u00e4ngere Zeit gespeichert und erleichtern so die Kontrolle der gew\u00e4hlten Einstellungen, ohne dass bestimmte Parameter bei jedem Besuch der Website erneut eingegeben werden m\u00fcssen.<\/li>\n<\/ul>\n<\/li>\n<li style=\"list-style-type: none;\">\n<ul>\n<li><span style=\"text-decoration: underline;\">Eigene Cookies<\/span>: Dies sind Cookies, die von dieser Website erstellt wurden und nur von der Website selbst gelesen werden k\u00f6nnen. Zum Beispiel: technische Cookies f\u00fcr das Laden von Bildern, Cookies f\u00fcr die Anpassung von Webparametern, Cookies f\u00fcr die Verkehrsanalyse usw. <\/li>\n<\/ul>\n<\/li>\n<li style=\"list-style-type: none;\">\n<ul>\n<li><span style=\"text-decoration: underline;\">Cookies von Dritten<\/span>: Dies sind Cookies, die von Dritten erstellt wurden und die wir f\u00fcr verschiedene Dienste (z. B. Website-Analyse oder Werbung) verwenden.<\/li>\n<\/ul>\n<\/li>\n<\/ul>\n<p>[\/et_pb_text][et_pb_text _builder_version=&#8220;4.27.4&#8243; _module_preset=&#8220;default&#8220; text_font=&#8220;&#8211;et_global_body_font||||||||&#8220; text_text_color=&#8220;#000000&#8243; text_font_size=&#8220;18px&#8220; header_3_font=&#8220;&#8211;et_global_heading_font|600|||||||&#8220; header_3_text_color=&#8220;#000000&#8243; custom_margin=&#8220;||30px||false|false&#8220; hover_enabled=&#8220;0&#8243; global_colors_info=&#8220;{}&#8220; sticky_enabled=&#8220;0&#8243;]<\/p>\n<h3>Je nach ihrem Zweck:<\/h3>\n<p>[\/et_pb_text][et_pb_text _builder_version=&#8220;4.27.4&#8243; _module_preset=&#8220;default&#8220; text_font=&#8220;&#8211;et_global_body_font||||||||&#8220; text_text_color=&#8220;#000000&#8243; text_font_size=&#8220;18px&#8220; custom_margin=&#8220;||0px||false|false&#8220; custom_padding=&#8220;||0px||false|false&#8220; hover_enabled=&#8220;0&#8243; global_colors_info=&#8220;{}&#8220; sticky_enabled=&#8220;0&#8243;]<\/p>\n<ul>\n<li style=\"list-style-type: none;\">\n<ul>\n<li><span style=\"text-decoration: underline;\">Technische Cookies<\/span>: Technische Cookies sind diejenigen, die f\u00fcr das ordnungsgem\u00e4\u00dfe Funktionieren eines Webportals und die Nutzung der verschiedenen Optionen und Dienste, die es bietet, unbedingt erforderlich sind. Zum Beispiel solche, die f\u00fcr die Aufrechterhaltung der Sitzung, die Verwaltung der Antwortzeiten, die Leistungs- oder Validierungsoptionen, die Verwendung von Sicherheitsfunktionen, die Freigabe von Inhalten in sozialen Netzwerken usw. verwendet werden. <\/li>\n<\/ul>\n<\/li>\n<li style=\"list-style-type: none;\">\n<ul>\n<li><span style=\"text-decoration: underline;\">Anpassungs Cookies<\/span>: Diese Cookies erm\u00f6glichen es dem Benutzer, einige Merkmale der allgemeinen Optionen der Webseite festzulegen oder anzupassen. Definieren Sie zum Beispiel die Sprache, die regionalen Einstellungen oder den Browsertyp. <\/li>\n<\/ul>\n<\/li>\n<li style=\"list-style-type: none;\">\n<ul>\n<li><span style=\"text-decoration: underline;\">Analytische Cookies<\/span>: Analytische Cookies sind diejenigen, die von unserem Web-Portal verwendet werden, um Browsing-Profile zu erarbeiten und in der Lage sein, die Pr\u00e4ferenzen der Nutzer der gleichen wissen, um das Angebot an Produkten und Dienstleistungen zu verbessern. Zum Beispiel, durch eine analytische Cookie w\u00fcrde die geografischen Gebiete von gr\u00f6\u00dftem Interesse f\u00fcr einen Benutzer, die das beliebteste Produkt, etc. <\/li>\n<\/ul>\n<\/li>\n<li style=\"list-style-type: none;\">\n<ul>\n<li><span style=\"text-decoration: underline;\">Werbe Cookies<\/span>: Werbe-Cookies erm\u00f6glichen die Verwaltung von Werbefl\u00e4chen auf der Grundlage bestimmter Kriterien. Zum Beispiel, die H\u00e4ufigkeit des Zugriffs, der bearbeitete Inhalt, etc. Werbe-Cookies erm\u00f6glichen durch die Verwaltung von Werbung, um Verhaltensinformationen durch die Beobachtung der Gewohnheiten zu speichern, die Zugriffe zu studieren und ein Profil der Benutzerpr\u00e4ferenzen zu bilden, um Werbung im Zusammenhang mit den Interessen Ihres Profils anzubieten.  <\/li>\n<\/ul>\n<\/li>\n<\/ul>\n<p>[\/et_pb_text][et_pb_text _builder_version=&#8220;4.27.4&#8243; _module_preset=&#8220;default&#8220; text_font=&#8220;&#8211;et_global_body_font||||||||&#8220; text_text_color=&#8220;#000000&#8243; text_font_size=&#8220;18px&#8220; header_2_font=&#8220;&#8211;et_global_heading_font|700|||||||&#8220; header_2_text_color=&#8220;#000000&#8243; header_2_font_size=&#8220;28px&#8220; custom_margin=&#8220;||0px||false|false&#8220; hover_enabled=&#8220;0&#8243; global_colors_info=&#8220;{}&#8220; sticky_enabled=&#8220;0&#8243;]<\/p>\n<h2>Wie kann ich meine Cookie-Einstellungen \u00e4ndern?<\/h2>\n<p>[\/et_pb_text][et_pb_text _builder_version=&#8220;4.27.4&#8243; _module_preset=&#8220;default&#8220; text_font=&#8220;&#8211;et_global_body_font||||||||&#8220; text_text_color=&#8220;#000000&#8243; text_font_size=&#8220;18px&#8220; custom_margin=&#8220;||0px||false|false&#8220; custom_padding=&#8220;||0px||false|false&#8220; hover_enabled=&#8220;0&#8243; global_colors_info=&#8220;{}&#8220; sticky_enabled=&#8220;0&#8243;]<\/p>\n<ul>\n<li style=\"list-style-type: none;\">\n<ul>\n<li><a href=\"http:\/\/windows.microsoft.com\/es-es\/windows-vista\/block-or-allow-cookies\" target=\"_blank\" rel=\"noopener\" title=\"Internet Explorer Cookie-Einstellungen\">Internet Explorer Cookie-Einstellungen<\/a><\/li>\n<\/ul>\n<\/li>\n<li style=\"list-style-type: none;\">\n<ul>\n<li><a href=\"http:\/\/support.mozilla.org\/es\/kb\/habilitar-y-deshabilitar-cookies-que-los-sitios-we\" target=\"_blank\" rel=\"noopener\" title=\"Firefox Cookie-Einstellungen\">Firefox Cookie-Einstellungen<\/a><\/li>\n<\/ul>\n<\/li>\n<li style=\"list-style-type: none;\">\n<ul>\n<li><a href=\"https:\/\/support.google.com\/chrome\/answer\/95647?hl=es\" target=\"_blank\" rel=\"noopener\" title=\"Google Chrome Cookie-Einstellungen\">Google Chrome Cookie-Einstellungen<\/a><\/li>\n<\/ul>\n<\/li>\n<li style=\"list-style-type: none;\">\n<ul>\n<li><a href=\"http:\/\/support.apple.com\/kb\/HT1677?viewlocale=es_ES&amp;locale=es_ES\" target=\"_blank\" rel=\"noopener\" title=\"Safari Cookie-Einstellungen\">Safari Cookie-Einstellungen<\/a><\/li>\n<\/ul>\n<\/li>\n<li style=\"list-style-type: none;\">\n<ul>\n<li><a href=\"http:\/\/www.macromedia.com\/support\/documentation\/es\/flashplayer\/help\/settings_manager03.html\" target=\"_blank\" rel=\"noopener\" title=\"Flash-Cookie-Einstellungen\">Flash-Cookie-Einstellungen<\/a><\/li>\n<\/ul>\n<\/li>\n<li style=\"list-style-type: none;\">\n<ul><\/ul>\n<\/li>\n<\/ul>\n<p>[\/et_pb_text][et_pb_text _builder_version=&#8220;4.27.4&#8243; _module_preset=&#8220;default&#8220; text_font=&#8220;&#8211;et_global_body_font||||||||&#8220; text_text_color=&#8220;#000000&#8243; text_font_size=&#8220;18px&#8220; custom_margin=&#8220;||15px||false|false&#8220; hover_enabled=&#8220;0&#8243; global_colors_info=&#8220;{}&#8220; sticky_enabled=&#8220;0&#8243;]<\/p>\n<p>Wenn Sie die Speicherung von Flash Player-Daten nicht zulassen m\u00f6chten, deaktivieren Sie die Kontrollk\u00e4stchen \u201eFlash-Inhalte d\u00fcrfen Informationen auf Ihrem Computer speichern\u201c und \u201eGemeinsame Flash-Komponenten speichern, um Download-Zeiten zu verk\u00fcrzen\u201c. Wenn Sie die Menge der von Flash-Anwendungen gesammelten Daten begrenzen m\u00f6chten, schieben Sie den Balkenindikator im Bereich der globalen Speichereinstellungen auf die gew\u00fcnschte Position. <\/p>\n<p>[\/et_pb_text][et_pb_text _builder_version=&#8220;4.27.4&#8243; _module_preset=&#8220;default&#8220; text_font=&#8220;&#8211;et_global_body_font||||||||&#8220; text_text_color=&#8220;#000000&#8243; text_font_size=&#8220;18px&#8220; hover_enabled=&#8220;0&#8243; global_colors_info=&#8220;{}&#8220; sticky_enabled=&#8220;0&#8243;]<\/p>\n<p>Diese Browser sind Gegenstand von Aktualisierungen oder \u00c4nderungen, so dass wir nicht garantieren k\u00f6nnen, dass sie vollst\u00e4ndig an die Version Ihres Browsers angepasst sind. Es kann auch sein, dass Sie einen anderen Browser verwenden, der von diesen Links nicht abgedeckt wird, wie z.B. Konqueror, Arora, Flock, etc. Um diese Unstimmigkeiten zu vermeiden, k\u00f6nnen Sie sie direkt in den Optionen Ihres Browsers aufrufen, normalerweise im Men\u00fc \u201eOptionen\u201c im Abschnitt \u201eDatenschutz\u201c. (Bitte konsultieren Sie die Hilfe Ihres Browsers f\u00fcr weitere Informationen).   <\/p>\n<p>[\/et_pb_text][\/et_pb_column][\/et_pb_row][\/et_pb_section]<\/p>\n","protected":false},"excerpt":{"rendered":"<p>Cookies und DatenschutzbestimmungenDiese Website verwendet Cookies, um die Benutzerfreundlichkeit zu verbessern. Nachstehend finden Sie Informationen dar\u00fcber, was Cookies sind, welche Art von Cookies diese Website verwendet, wie Sie Cookies in Ihrem Browser deaktivieren k\u00f6nnen und wie Sie speziell die Installation von Cookies von Drittanbietern deaktivieren k\u00f6nnen. Sollten Sie die gesuchten Informationen nicht finden, senden Sie [&hellip;]<\/p>\n","protected":false},"author":1,"featured_media":0,"parent":0,"menu_order":0,"comment_status":"closed","ping_status":"closed","template":"","meta":{"_et_pb_use_builder":"on","_et_pb_old_content":"","_et_gb_content_width":"","footnotes":""},"class_list":["post-261","page","type-page","status-publish","hentry"],"yoast_head":"<!-- This site is optimized with the Yoast SEO plugin v27.4 - https:\/\/yoast.com\/product\/yoast-seo-wordpress\/ -->\n<title>Datenschutzbestimmungen - Hablaeli<\/title>\n<meta name=\"description\" content=\"Informieren Sie sich \u00fcber unsere Datenschutzrichtlinie und dar\u00fcber, wie wir Ihre pers\u00f6nlichen Daten auf dieser Website erfassen, verwenden und sch\u00fctzen.\" \/>\n<meta name=\"robots\" content=\"index, follow, max-snippet:-1, max-image-preview:large, max-video-preview:-1\" \/>\n<link rel=\"canonical\" href=\"https:\/\/hablaeli.es\/de\/datenschutzbestimmungen\/\" \/>\n<meta property=\"og:locale\" content=\"de_DE\" \/>\n<meta property=\"og:type\" content=\"article\" \/>\n<meta property=\"og:title\" content=\"Datenschutzbestimmungen - Hablaeli\" \/>\n<meta property=\"og:description\" content=\"Informieren Sie sich \u00fcber unsere Datenschutzrichtlinie und dar\u00fcber, wie wir Ihre pers\u00f6nlichen Daten auf dieser Website erfassen, verwenden und sch\u00fctzen.\" \/>\n<meta property=\"og:url\" content=\"https:\/\/hablaeli.es\/de\/datenschutzbestimmungen\/\" \/>\n<meta property=\"og:site_name\" content=\"Hablaeli\" \/>\n<meta property=\"article:publisher\" content=\"https:\/\/www.facebook.com\/people\/Habla_Eli\/61550985253961\/\" \/>\n<meta property=\"article:modified_time\" content=\"2025-05-26T14:01:27+00:00\" \/>\n<meta property=\"og:image\" content=\"https:\/\/hablaeli.es\/wp-content\/uploads\/2025\/04\/logo.png\" \/>\n\t<meta property=\"og:image:width\" content=\"561\" \/>\n\t<meta property=\"og:image:height\" content=\"561\" \/>\n\t<meta property=\"og:image:type\" content=\"image\/png\" \/>\n<meta name=\"twitter:card\" content=\"summary_large_image\" \/>\n<meta name=\"twitter:label1\" content=\"Gesch\u00e4tzte Lesezeit\" \/>\n\t<meta name=\"twitter:data1\" content=\"7\u00a0Minuten\" \/>\n<script type=\"application\/ld+json\" class=\"yoast-schema-graph\">{\"@context\":\"https:\\\/\\\/schema.org\",\"@graph\":[{\"@type\":\"WebPage\",\"@id\":\"https:\\\/\\\/hablaeli.es\\\/de\\\/datenschutzbestimmungen\\\/\",\"url\":\"https:\\\/\\\/hablaeli.es\\\/de\\\/datenschutzbestimmungen\\\/\",\"name\":\"Datenschutzbestimmungen - Hablaeli\",\"isPartOf\":{\"@id\":\"https:\\\/\\\/hablaeli.es\\\/#website\"},\"datePublished\":\"2025-04-02T10:36:08+00:00\",\"dateModified\":\"2025-05-26T14:01:27+00:00\",\"description\":\"Informieren Sie sich \u00fcber unsere Datenschutzrichtlinie und dar\u00fcber, wie wir Ihre pers\u00f6nlichen Daten auf dieser Website erfassen, verwenden und sch\u00fctzen.\",\"breadcrumb\":{\"@id\":\"https:\\\/\\\/hablaeli.es\\\/de\\\/datenschutzbestimmungen\\\/#breadcrumb\"},\"inLanguage\":\"de\",\"potentialAction\":[{\"@type\":\"ReadAction\",\"target\":[\"https:\\\/\\\/hablaeli.es\\\/de\\\/datenschutzbestimmungen\\\/\"]}]},{\"@type\":\"BreadcrumbList\",\"@id\":\"https:\\\/\\\/hablaeli.es\\\/de\\\/datenschutzbestimmungen\\\/#breadcrumb\",\"itemListElement\":[{\"@type\":\"ListItem\",\"position\":1,\"name\":\"Portada\",\"item\":\"https:\\\/\\\/hablaeli.es\\\/\"},{\"@type\":\"ListItem\",\"position\":2,\"name\":\"Datenschutzbestimmungen\"}]},{\"@type\":\"WebSite\",\"@id\":\"https:\\\/\\\/hablaeli.es\\\/#website\",\"url\":\"https:\\\/\\\/hablaeli.es\\\/\",\"name\":\"Hablaeli\",\"description\":\"\",\"publisher\":{\"@id\":\"https:\\\/\\\/hablaeli.es\\\/#organization\"},\"alternateName\":\"Elisa Calcinari\",\"potentialAction\":[{\"@type\":\"SearchAction\",\"target\":{\"@type\":\"EntryPoint\",\"urlTemplate\":\"https:\\\/\\\/hablaeli.es\\\/?s={search_term_string}\"},\"query-input\":{\"@type\":\"PropertyValueSpecification\",\"valueRequired\":true,\"valueName\":\"search_term_string\"}}],\"inLanguage\":\"de\"},{\"@type\":\"Organization\",\"@id\":\"https:\\\/\\\/hablaeli.es\\\/#organization\",\"name\":\"Elisa Calcinari\",\"url\":\"https:\\\/\\\/hablaeli.es\\\/\",\"logo\":{\"@type\":\"ImageObject\",\"inLanguage\":\"de\",\"@id\":\"https:\\\/\\\/hablaeli.es\\\/#\\\/schema\\\/logo\\\/image\\\/\",\"url\":\"https:\\\/\\\/hablaeli.es\\\/wp-content\\\/uploads\\\/2025\\\/04\\\/cropped-logo.png\",\"contentUrl\":\"https:\\\/\\\/hablaeli.es\\\/wp-content\\\/uploads\\\/2025\\\/04\\\/cropped-logo.png\",\"width\":491,\"height\":491,\"caption\":\"Elisa Calcinari\"},\"image\":{\"@id\":\"https:\\\/\\\/hablaeli.es\\\/#\\\/schema\\\/logo\\\/image\\\/\"},\"sameAs\":[\"https:\\\/\\\/www.facebook.com\\\/people\\\/Habla_Eli\\\/61550985253961\\\/\"]}]}<\/script>\n<!-- \/ Yoast SEO plugin. -->","yoast_head_json":{"title":"Datenschutzbestimmungen - Hablaeli","description":"Informieren Sie sich \u00fcber unsere Datenschutzrichtlinie und dar\u00fcber, wie wir Ihre pers\u00f6nlichen Daten auf dieser Website erfassen, verwenden und sch\u00fctzen.","robots":{"index":"index","follow":"follow","max-snippet":"max-snippet:-1","max-image-preview":"max-image-preview:large","max-video-preview":"max-video-preview:-1"},"canonical":"https:\/\/hablaeli.es\/de\/datenschutzbestimmungen\/","og_locale":"de_DE","og_type":"article","og_title":"Datenschutzbestimmungen - Hablaeli","og_description":"Informieren Sie sich \u00fcber unsere Datenschutzrichtlinie und dar\u00fcber, wie wir Ihre pers\u00f6nlichen Daten auf dieser Website erfassen, verwenden und sch\u00fctzen.","og_url":"https:\/\/hablaeli.es\/de\/datenschutzbestimmungen\/","og_site_name":"Hablaeli","article_publisher":"https:\/\/www.facebook.com\/people\/Habla_Eli\/61550985253961\/","article_modified_time":"2025-05-26T14:01:27+00:00","og_image":[{"width":561,"height":561,"url":"https:\/\/hablaeli.es\/wp-content\/uploads\/2025\/04\/logo.png","type":"image\/png"}],"twitter_card":"summary_large_image","twitter_misc":{"Gesch\u00e4tzte Lesezeit":"7\u00a0Minuten"},"schema":{"@context":"https:\/\/schema.org","@graph":[{"@type":"WebPage","@id":"https:\/\/hablaeli.es\/de\/datenschutzbestimmungen\/","url":"https:\/\/hablaeli.es\/de\/datenschutzbestimmungen\/","name":"Datenschutzbestimmungen - Hablaeli","isPartOf":{"@id":"https:\/\/hablaeli.es\/#website"},"datePublished":"2025-04-02T10:36:08+00:00","dateModified":"2025-05-26T14:01:27+00:00","description":"Informieren Sie sich \u00fcber unsere Datenschutzrichtlinie und dar\u00fcber, wie wir Ihre pers\u00f6nlichen Daten auf dieser Website erfassen, verwenden und sch\u00fctzen.","breadcrumb":{"@id":"https:\/\/hablaeli.es\/de\/datenschutzbestimmungen\/#breadcrumb"},"inLanguage":"de","potentialAction":[{"@type":"ReadAction","target":["https:\/\/hablaeli.es\/de\/datenschutzbestimmungen\/"]}]},{"@type":"BreadcrumbList","@id":"https:\/\/hablaeli.es\/de\/datenschutzbestimmungen\/#breadcrumb","itemListElement":[{"@type":"ListItem","position":1,"name":"Portada","item":"https:\/\/hablaeli.es\/"},{"@type":"ListItem","position":2,"name":"Datenschutzbestimmungen"}]},{"@type":"WebSite","@id":"https:\/\/hablaeli.es\/#website","url":"https:\/\/hablaeli.es\/","name":"Hablaeli","description":"","publisher":{"@id":"https:\/\/hablaeli.es\/#organization"},"alternateName":"Elisa Calcinari","potentialAction":[{"@type":"SearchAction","target":{"@type":"EntryPoint","urlTemplate":"https:\/\/hablaeli.es\/?s={search_term_string}"},"query-input":{"@type":"PropertyValueSpecification","valueRequired":true,"valueName":"search_term_string"}}],"inLanguage":"de"},{"@type":"Organization","@id":"https:\/\/hablaeli.es\/#organization","name":"Elisa Calcinari","url":"https:\/\/hablaeli.es\/","logo":{"@type":"ImageObject","inLanguage":"de","@id":"https:\/\/hablaeli.es\/#\/schema\/logo\/image\/","url":"https:\/\/hablaeli.es\/wp-content\/uploads\/2025\/04\/cropped-logo.png","contentUrl":"https:\/\/hablaeli.es\/wp-content\/uploads\/2025\/04\/cropped-logo.png","width":491,"height":491,"caption":"Elisa Calcinari"},"image":{"@id":"https:\/\/hablaeli.es\/#\/schema\/logo\/image\/"},"sameAs":["https:\/\/www.facebook.com\/people\/Habla_Eli\/61550985253961\/"]}]}},"_links":{"self":[{"href":"https:\/\/hablaeli.es\/de\/wp-json\/wp\/v2\/pages\/261","targetHints":{"allow":["GET"]}}],"collection":[{"href":"https:\/\/hablaeli.es\/de\/wp-json\/wp\/v2\/pages"}],"about":[{"href":"https:\/\/hablaeli.es\/de\/wp-json\/wp\/v2\/types\/page"}],"author":[{"embeddable":true,"href":"https:\/\/hablaeli.es\/de\/wp-json\/wp\/v2\/users\/1"}],"replies":[{"embeddable":true,"href":"https:\/\/hablaeli.es\/de\/wp-json\/wp\/v2\/comments?post=261"}],"version-history":[{"count":4,"href":"https:\/\/hablaeli.es\/de\/wp-json\/wp\/v2\/pages\/261\/revisions"}],"predecessor-version":[{"id":72116,"href":"https:\/\/hablaeli.es\/de\/wp-json\/wp\/v2\/pages\/261\/revisions\/72116"}],"wp:attachment":[{"href":"https:\/\/hablaeli.es\/de\/wp-json\/wp\/v2\/media?parent=261"}],"curies":[{"name":"wp","href":"https:\/\/api.w.org\/{rel}","templated":true}]}}