{"id":72987,"date":"2026-04-06T08:18:08","date_gmt":"2026-04-06T08:18:08","guid":{"rendered":"https:\/\/hablaeli.es\/faq\/"},"modified":"2026-04-08T09:05:45","modified_gmt":"2026-04-08T09:05:45","slug":"faq","status":"publish","type":"page","link":"https:\/\/hablaeli.es\/es\/faq\/","title":{"rendered":"FAQ"},"content":{"rendered":"<p>[et_pb_section fb_built=\u00bb1&#8243; _builder_version=\u00bb4.27.5&#8243; _module_preset=\u00bbdefault\u00bb global_colors_info=\u00bb{}\u00bb][et_pb_row _builder_version=\u00bb4.27.5&#8243; _module_preset=\u00bbdefault\u00bb global_colors_info=\u00bb{}\u00bb][et_pb_column type=\u00bb4_4&#8243; _builder_version=\u00bb4.27.5&#8243; _module_preset=\u00bbdefault\u00bb global_colors_info=\u00bb{}\u00bb][et_pb_text module_id=\u00bbcontenedor\u00bb _builder_version=\u00bb4.27.5&#8243; _module_preset=\u00bbdefault\u00bb text_text_color=\u00bb#000000&#8243; text_font_size=\u00bb17px\u00bb header_font=\u00bb&#8211;et_global_heading_font||||||||\u00bb header_text_align=\u00bbcenter\u00bb header_text_color=\u00bb#000000&#8243; header_2_font=\u00bb&#8211;et_global_heading_font|700|||||||\u00bb header_2_text_align=\u00bbjustify\u00bb header_2_text_color=\u00bb#000000&#8243; header_3_font=\u00bb&#8211;et_global_heading_font|||||on|||\u00bb filter_saturate=\u00bb101%\u00bb header_text_color_tablet=\u00bb#000000&#8243; header_text_color_phone=\u00bb#000000&#8243; header_text_color_last_edited=\u00bbon|desktop\u00bb global_colors_info=\u00bb{}\u00bb ul_position=\u00bbinside\u00bb sticky_enabled=\u00bb0&#8243; ul_text_align=\u00bbleft\u00bb custom_margin=\u00bb0px||||false|false\u00bb custom_css_free_form=\u00bbselector h2:not(:first-of-type) {||  padding-top: 5em;||}\u00bb text_orientation=\u00bbjustified\u00bb]<\/p>\n<h1><b>FAQ \u2013 Habla_Eli Language School, Corralejo, Fuerteventura<\/b><b><\/b><\/h1>\n<p><b><\/b><\/p>\n<p><b><\/b><\/p>\n<h2><b>Inscripci\u00f3n y reserva de cursos<\/b><\/h2>\n<h3><b>\u00bfC\u00f3mo puedo inscribirme?<\/b><\/h3>\n<p><span style=\"font-weight: 400;\">Puede inscribirse por correo electr\u00f3nico, WhatsApp o directamente en la escuela. Recomendamos especialmente a los participantes <\/span>de cursos de formaci\u00f3n profesional (Bildungsurlaub) y cursos intensivos que se inscriban al menos 6 semanas antes del <span style=\"font-weight: 400;\">del curso. Todo lo dem\u00e1s es posible bajo acuerdo previo. <\/span><\/p>\n<h3><b>\u00bfPuedo cambiar o cancelar un curso?<\/b><\/h3>\n<p><span style=\"font-weight: 400;\">S\u00ed, los cursos se pueden cambiar o cancelar con un plazo de antelaci\u00f3n adecuado. Por favor, cont\u00e1ctenos antes.<br \/><\/span><\/p>\n<h3><b>\u00bfQu\u00e9 pasa si un curso est\u00e1 completo?<\/b><\/h3>\n<p><span style=\"font-weight: 400;\">Si un curso ya est\u00e1 lleno, no se pueden aceptar m\u00e1s inscripciones. Le recomendamos inscribirse con anticipaci\u00f3n para evitar decepciones.<\/span><b><\/b><\/p>\n<h2><b>Informaci\u00f3n del curso<\/b><b><\/b><\/h2>\n<h3><b>\u00bfQu\u00e9 niveles de idioma se ofrecen?<br \/><\/b><\/h3>\n<p><span style=\"font-weight: 400;\">Ofrecemos todos los niveles desde A1 hasta C1.<\/span><\/p>\n<h3><b>\u00bfCu\u00e1nto duran los cursos?<\/b><\/h3>\n<ul>\n<li style=\"font-weight: 400;\" aria-level=\"2\"><span style=\"font-weight: 400;\">Bildungsurlaub y cursos intensivos: 5 o 10 d\u00edas<\/span><\/li>\n<li style=\"font-weight: 400;\" aria-level=\"2\"><span style=\"font-weight: 400;\">Cursos grupales y clases individuales: duraci\u00f3n seg\u00fan acuerdo<\/span><\/li>\n<\/ul>\n<h3><b>\u00bfQu\u00e9 tipos de cursos hay?<\/b><\/h3>\n<p>Todos los cursos se pueden realizar presencialmente o en l\u00ednea:<\/p>\n<ul>\n<li style=\"font-weight: 400;\" aria-level=\"2\"><span style=\"font-weight: 400;\">Cursos intensivos<\/span><\/li>\n<li style=\"font-weight: 400;\" aria-level=\"2\"><span style=\"font-weight: 400;\">Bildungsurlaub (formaci\u00f3n profesional)<\/span><\/li>\n<li style=\"font-weight: 400;\" aria-level=\"2\"><span style=\"font-weight: 400;\">Cursos grupales<\/span><\/li>\n<li style=\"font-weight: 400;\" aria-level=\"2\"><span style=\"font-weight: 400;\">Clases individuales<\/span><\/li>\n<\/ul>\n<h3><b>\u00bfCu\u00e1ntas horas por d\u00eda?<\/b><\/h3>\n<p><span style=\"font-weight: 400;\">El n\u00famero de horas depende del tama\u00f1o del grupo, nivel de idioma y tipo de curso.<\/span><\/p>\n<h3><b>\u00bfQu\u00e9 materiales de aprendizaje se proporcionan?<\/b><\/h3>\n<p><span style=\"font-weight: 400;\">Todos los cuadernos de ejercicios son proporcionados por la escuela y se pueden conservar.<b><\/b><\/span><span style=\"font-weight: 400;\">. Recomendamos adem\u00e1s un cuaderno de notas o una tablet para apuntes personales.<\/span><\/p>\n<h3><b>\u00bfRecibir\u00e9 un certificado de participaci\u00f3n?<\/b><\/h3>\n<ul>\n<li style=\"font-weight: 400;\" aria-level=\"2\"><span style=\"font-weight: 400;\">Los participantes de Bildungsurlaub reciben un<\/span> <b>certificado oficial<\/b> <span style=\"font-weight: 400;\">para su empleador.<\/span><\/li>\n<li style=\"font-weight: 400;\" aria-level=\"2\"><span style=\"font-weight: 400;\">Todos los alumnos reciben un <\/span><b>certificado de la escuela <\/b> <span style=\"font-weight: 400;\">con el nivel de idioma alcanzado. <\/span><\/li>\n<\/ul>\n<h2><b>Profesorado y metodolog\u00eda \u00bfQui\u00e9n imparte los cursos?<\/b><\/h2>\n<p><span style=\"font-weight: 400;\">La mayor\u00eda de los cursos son impartidos por la <\/span> <b> directora Elisa Calcinari,<\/b> <span style=\"font-weight: 400;\"> profesora certificada de idiomas para adultos con m\u00e1s de 10 a\u00f1os de experiencia. <\/span><\/p>\n<p><span style=\"font-weight: 400;\">Las profesoras y profesores externos tambi\u00e9n est\u00e1n calificados y tienen amplia experiencia en educaci\u00f3n de adultos.<\/span><\/p>\n<h3><b>\u00bfCu\u00e1l es el tama\u00f1o de los grupos?<\/b><\/h3>\n<p><span style=\"font-weight: 400;\">Los grupos tienen un m\u00e1ximo de <\/span> <b> 8\u201310 personas,<\/b> <span style=\"font-weight: 400;\">lo que garantiza atenci\u00f3n personalizada. <\/span><\/p>\n<h3><b>\u00bfSe ofrece ense\u00f1anza individual?<\/b><\/h3>\n<p><span style=\"font-weight: 400;\">S\u00ed, las clases individuales pueden realizarse <\/span> <b>presencialmente o en l\u00ednea<\/b><span style=\"font-weight: 400;\">.<\/span><\/p>\n<h3><b>\u00bfQu\u00e9 m\u00e9todos se utilizan?<\/b><\/h3>\n<p><span style=\"font-weight: 400;\">Nuestra ense\u00f1anza es moderna y comunicativa, con medios interactivos, videos, m\u00fasica y juegos de rol para motivar a los estudiantes a hablar activamente.<\/span><b><\/b><\/p>\n<h2><b>Bildungsurlaub (formaci\u00f3n profesional) \u00bfEn qu\u00e9 estados federales est\u00e1 reconocida la escuela?<\/b><\/h2>\n<p><span style=\"font-weight: 400;\">Actualmente estamos reconocidos en<\/span> <b>11 estados<\/b>; <span style=\"font-weight: 400;\">se han solicitado aprobaciones para m\u00e1s. <\/span><\/p>\n<p><span style=\"font-weight: 400;\">Estados ya aprobados: Baden-W\u00fcrttemberg, Berl\u00edn, Brandeburgo, Schleswig-Holstein, Sajonia-Anhalt, Baja Sajonia, Hesse, Bremen, Renania-Palatinado, Sarre y Hamburgo.<\/span><\/p>\n<h3><b>\u00bfC\u00f3mo obtengo la confirmaci\u00f3n para mi empleador?<\/b><\/h3>\n<p><span style=\"font-weight: 400;\">Cont\u00e1ctenos con su nombre, estado federal del empleador, informaci\u00f3n sobre su nivel de espa\u00f1ol y el per\u00edodo deseado. Le emitiremos el <\/span><b>certificado oficial de participaci\u00f3n. <span style=\"font-weight: 400;\"><\/span><\/b><\/p>\n<h3><b>certificado oficial de participaci\u00f3n.<\/b><\/h3>\n<p><span style=\"font-weight: 400;\">S\u00ed, los cursos pueden realizarse completamente en l\u00ednea, con algunas excepciones en determinados estados federales.<\/span><b><\/b><\/p>\n<h2><b>Precios y pago Tarifas:<\/b><\/h2>\n<ol><\/ol>\n<ul>\n<li style=\"font-weight: 400;\" aria-level=\"2\"><span style=\"font-weight: 400;\">Bildungsurlaub: 5 d\u00edas = 300 \u20ac, 10 d\u00edas = 570 \u20ac<\/span><\/li>\n<li style=\"font-weight: 400;\" aria-level=\"2\"><span style=\"font-weight: 400;\">Cursos intensivos: 15 \u20ac por hora<\/span><\/li>\n<li style=\"font-weight: 400;\" aria-level=\"2\"><span style=\"font-weight: 400;\">Cursos grupales: 2 personas = 20 \u20ac por hora, a partir de 4 personas = 15 \u20ac por hora<\/span><\/li>\n<li style=\"font-weight: 400;\" aria-level=\"2\"><span style=\"font-weight: 400;\">Clases individuales: 35 \u20ac por hora<\/span><\/li>\n<\/ul>\n<h3><b>Notas:<\/b><\/h3>\n<ul>\n<li style=\"font-weight: 400;\" aria-level=\"2\"><span style=\"font-weight: 400;\">Los precios son los mismos para clases presenciales y en l\u00ednea <b><\/b><\/span><\/li>\n<li style=\"font-weight: 400;\" aria-level=\"2\"><span style=\"font-weight: 400;\">Todos los precios excluyen 7 % IGIC<b><\/b><\/span><\/li>\n<li style=\"font-weight: 400;\" aria-level=\"2\"><span style=\"font-weight: 400;\">Formas de pago: factura o efectivo en la escuela (no se acepta PayPal)<\/span><span style=\"font-weight: 400;\"><br \/><\/span><\/li>\n<\/ul>\n<h1><b><\/b><\/h1>\n<h2><b>Alojamiento y llegada Alojamiento:<\/b><\/h2>\n<p><span style=\"font-weight: 400;\">Ofrecemos apartamentos de vacaciones y tenemos una cooperaci\u00f3n con el <\/span> <b>Hotel Buendia<\/b> <span style=\"font-weight: 400;\">(10 % de descuento para alumnos).<\/span><\/p>\n<h3><b>Ubicaci\u00f3n:<\/b><\/h3>\n<p><span style=\"font-weight: 400;\">Todos los alojamientos est\u00e1n c\u00e9ntricos, al igual que nuestra escuela en el coraz\u00f3n de Corralejo.<\/span><\/p>\n<h3><b>Llegada:<\/b><\/h3>\n<ul>\n<li style=\"font-weight: 400;\" aria-level=\"2\"><span style=\"font-weight: 400;\">Taxi desde el aeropuerto: aprox. 65\u201375 \u20ac (seg\u00fan d\u00eda y hora) <\/span><\/li>\n<li style=\"font-weight: 400;\" aria-level=\"2\"><span style=\"font-weight: 400;\">Autobuses: horarios disponibles en <\/span> <a href=\"https:\/\/tiadhe.com\/en\/our-routes\/\"><span style=\"font-weight: 400;\">Tiadhe<\/span><\/a><span style=\"font-weight: 400;\">, pago solo en efectivo<\/span><\/li>\n<li style=\"font-weight: 400;\" aria-level=\"2\"><span style=\"font-weight: 400;\">Se recomienda reservar con antelaci\u00f3n, ya que los precios var\u00edan mucho seg\u00fan la temporada<\/span><\/li>\n<\/ul>\n<h2><b>Tiempo libre y cultura<\/b><\/h2>\n<p><span style=\"font-weight: 400;\">Le ayudamos a disfrutar de su tiempo en Fuerteventura de manera variada.<\/span><\/p>\n<h1><\/h1>\n<h3><b>Ofertas y recomendaciones:<\/b><\/h3>\n<ul>\n<li style=\"font-weight: 400;\" aria-level=\"2\"><span style=\"font-weight: 400;\">Excursiones guiadas<\/span><\/li>\n<li style=\"font-weight: 400;\" aria-level=\"2\"><span style=\"font-weight: 400;\">Restaurantes t\u00edpicos<\/span><\/li>\n<li style=\"font-weight: 400;\" aria-level=\"2\"><span style=\"font-weight: 400;\">Playas y experiencias especiales<\/span><\/li>\n<\/ul>\n<h3><b>Ejemplos:<\/b><\/h3>\n<ul>\n<li style=\"font-weight: 400;\" aria-level=\"2\"><b>Tour de tapas en Corralejo: <\/b><span style=\"font-weight: 400;\">aprox. 2,5 horas, 22 \u20ac <\/span><\/li>\n<\/ul>\n<p><span style=\"font-weight: 400;\">Degustaci\u00f3n de especialidades canarias, disponible en ingl\u00e9s y espa\u00f1ol<\/span><\/p>\n<ul>\n<li style=\"font-weight: 400;\" aria-level=\"2\"><b>Deportes acu\u00e1ticos: <\/b> <span style=\"font-weight: 400;\">surf, wing foil, kitesurf (reserva propia, transporte a veces incluido)<\/span><\/li>\n<li style=\"font-weight: 400;\" aria-level=\"2\"><b>Clases de baile:<\/b> <span style=\"font-weight: 400;\">salsa, bachata, rueda cubana (a trav\u00e9s de \u201cContigo \u2013 Home of Dance\u201d)<\/span><\/li>\n<li style=\"font-weight: 400;\" aria-level=\"2\"><b>Tour en buggy: <\/b> <span style=\"font-weight: 400;\">dunas y volcanes con<\/span> <b>DunesBuggy Corralejo Nota:<\/b> <span style=\"font-weight: 400;\">Las actividades son responsabilidad de los participantes.<\/span><\/li>\n<\/ul>\n<h2><b>Informaci\u00f3n pr\u00e1ctica en el lugar<\/b><b><\/b><\/h2>\n<ul>\n<ul>\n<li style=\"font-weight: 400;\" aria-level=\"2\"><b>Qu\u00e9 traer:<\/b> <span style=\"font-weight: 400;\">chaqueta para tardes frescas\/viento, cuaderno de notas o tablet recomendado<\/span><\/li>\n<li style=\"font-weight: 400;\" aria-level=\"2\"><b>En la escuela:<\/b> <span style=\"font-weight: 400;\">Wi-Fi, caf\u00e9, t\u00e9, agua, bol\u00edgrafos, materiales de curso <\/span><\/li>\n<li style=\"font-weight: 400;\" aria-level=\"2\"><b>Primer d\u00eda de curso: <\/b> <span style=\"font-weight: 400;\">introducci\u00f3n, explicaci\u00f3n del programa, excursiones y preguntas de los alumnos <\/span><\/li>\n<\/ul>\n<\/ul>\n<ul>\n<li aria-level=\"2\"><b>Idiomas en la escuela:<\/b><\/li>\n<\/ul>\n<ul>\n<ul>\n<li style=\"font-weight: 400;\" aria-level=\"3\"><span style=\"font-weight: 400;\">Directora Elisa: espa\u00f1ol, italiano, ingl\u00e9s<\/span><\/li>\n<li style=\"font-weight: 400;\" aria-level=\"3\"><span style=\"font-weight: 400;\">Secretar\u00eda Sina: alem\u00e1n, ingl\u00e9s, holand\u00e9s, espa\u00f1ol<\/span><\/li>\n<\/ul>\n<\/ul>\n<p>[\/et_pb_text][\/et_pb_column][\/et_pb_row][\/et_pb_section]<\/p>\n","protected":false},"excerpt":{"rendered":"<p>FAQ \u2013 Habla_Eli Language School, Corralejo, Fuerteventura Inscripci\u00f3n y reserva de cursos \u00bfC\u00f3mo puedo inscribirme? Puede inscribirse por correo electr\u00f3nico, WhatsApp o directamente en la escuela. Recomendamos especialmente a los participantes de cursos de formaci\u00f3n profesional (Bildungsurlaub) y cursos intensivos que se inscriban al menos 6 semanas antes del del curso. Todo lo dem\u00e1s es [&hellip;]<\/p>\n","protected":false},"author":1,"featured_media":0,"parent":0,"menu_order":0,"comment_status":"closed","ping_status":"closed","template":"","meta":{"_et_pb_use_builder":"on","_et_pb_old_content":"","_et_gb_content_width":"","footnotes":""},"class_list":["post-72987","page","type-page","status-publish","hentry"],"yoast_head":"<!-- This site is optimized with the Yoast SEO plugin v27.4 - https:\/\/yoast.com\/product\/yoast-seo-wordpress\/ -->\n<title>FAQ - Hablaeli<\/title>\n<meta name=\"robots\" content=\"index, follow, max-snippet:-1, max-image-preview:large, max-video-preview:-1\" \/>\n<link rel=\"canonical\" href=\"https:\/\/hablaeli.es\/es\/faq\/\" \/>\n<meta property=\"og:locale\" content=\"es_ES\" \/>\n<meta property=\"og:type\" content=\"article\" \/>\n<meta property=\"og:title\" content=\"FAQ - Hablaeli\" \/>\n<meta property=\"og:description\" content=\"FAQ \u2013 Habla_Eli Language School, Corralejo, Fuerteventura Inscripci\u00f3n y reserva de cursos \u00bfC\u00f3mo puedo inscribirme? Puede inscribirse por correo electr\u00f3nico, WhatsApp o directamente en la escuela. Recomendamos especialmente a los participantes de cursos de formaci\u00f3n profesional (Bildungsurlaub) y cursos intensivos que se inscriban al menos 6 semanas antes del del curso. Todo lo dem\u00e1s es [&hellip;]\" \/>\n<meta property=\"og:url\" content=\"https:\/\/hablaeli.es\/es\/faq\/\" \/>\n<meta property=\"og:site_name\" content=\"Hablaeli\" \/>\n<meta property=\"article:publisher\" content=\"https:\/\/www.facebook.com\/people\/Habla_Eli\/61550985253961\/\" \/>\n<meta property=\"article:modified_time\" content=\"2026-04-08T09:05:45+00:00\" \/>\n<meta property=\"og:image\" content=\"https:\/\/hablaeli.es\/wp-content\/uploads\/2025\/04\/logo.png\" \/>\n\t<meta property=\"og:image:width\" content=\"561\" \/>\n\t<meta property=\"og:image:height\" content=\"561\" \/>\n\t<meta property=\"og:image:type\" content=\"image\/png\" \/>\n<meta name=\"twitter:card\" content=\"summary_large_image\" \/>\n<meta name=\"twitter:label1\" content=\"Tiempo de lectura\" \/>\n\t<meta name=\"twitter:data1\" content=\"5 minutos\" \/>\n<script type=\"application\/ld+json\" class=\"yoast-schema-graph\">{\"@context\":\"https:\\\/\\\/schema.org\",\"@graph\":[{\"@type\":\"WebPage\",\"@id\":\"https:\\\/\\\/hablaeli.es\\\/es\\\/faq\\\/\",\"url\":\"https:\\\/\\\/hablaeli.es\\\/es\\\/faq\\\/\",\"name\":\"FAQ - Hablaeli\",\"isPartOf\":{\"@id\":\"https:\\\/\\\/hablaeli.es\\\/#website\"},\"datePublished\":\"2026-04-06T08:18:08+00:00\",\"dateModified\":\"2026-04-08T09:05:45+00:00\",\"breadcrumb\":{\"@id\":\"https:\\\/\\\/hablaeli.es\\\/es\\\/faq\\\/#breadcrumb\"},\"inLanguage\":\"es\",\"potentialAction\":[{\"@type\":\"ReadAction\",\"target\":[\"https:\\\/\\\/hablaeli.es\\\/es\\\/faq\\\/\"]}]},{\"@type\":\"BreadcrumbList\",\"@id\":\"https:\\\/\\\/hablaeli.es\\\/es\\\/faq\\\/#breadcrumb\",\"itemListElement\":[{\"@type\":\"ListItem\",\"position\":1,\"name\":\"Portada\",\"item\":\"https:\\\/\\\/hablaeli.es\\\/\"},{\"@type\":\"ListItem\",\"position\":2,\"name\":\"FAQ\"}]},{\"@type\":\"WebSite\",\"@id\":\"https:\\\/\\\/hablaeli.es\\\/#website\",\"url\":\"https:\\\/\\\/hablaeli.es\\\/\",\"name\":\"Hablaeli\",\"description\":\"\",\"publisher\":{\"@id\":\"https:\\\/\\\/hablaeli.es\\\/#organization\"},\"alternateName\":\"Elisa Calcinari\",\"potentialAction\":[{\"@type\":\"SearchAction\",\"target\":{\"@type\":\"EntryPoint\",\"urlTemplate\":\"https:\\\/\\\/hablaeli.es\\\/?s={search_term_string}\"},\"query-input\":{\"@type\":\"PropertyValueSpecification\",\"valueRequired\":true,\"valueName\":\"search_term_string\"}}],\"inLanguage\":\"es\"},{\"@type\":\"Organization\",\"@id\":\"https:\\\/\\\/hablaeli.es\\\/#organization\",\"name\":\"Elisa Calcinari\",\"url\":\"https:\\\/\\\/hablaeli.es\\\/\",\"logo\":{\"@type\":\"ImageObject\",\"inLanguage\":\"es\",\"@id\":\"https:\\\/\\\/hablaeli.es\\\/#\\\/schema\\\/logo\\\/image\\\/\",\"url\":\"https:\\\/\\\/hablaeli.es\\\/wp-content\\\/uploads\\\/2025\\\/04\\\/cropped-logo.png\",\"contentUrl\":\"https:\\\/\\\/hablaeli.es\\\/wp-content\\\/uploads\\\/2025\\\/04\\\/cropped-logo.png\",\"width\":491,\"height\":491,\"caption\":\"Elisa Calcinari\"},\"image\":{\"@id\":\"https:\\\/\\\/hablaeli.es\\\/#\\\/schema\\\/logo\\\/image\\\/\"},\"sameAs\":[\"https:\\\/\\\/www.facebook.com\\\/people\\\/Habla_Eli\\\/61550985253961\\\/\"]}]}<\/script>\n<!-- \/ Yoast SEO plugin. -->","yoast_head_json":{"title":"FAQ - Hablaeli","robots":{"index":"index","follow":"follow","max-snippet":"max-snippet:-1","max-image-preview":"max-image-preview:large","max-video-preview":"max-video-preview:-1"},"canonical":"https:\/\/hablaeli.es\/es\/faq\/","og_locale":"es_ES","og_type":"article","og_title":"FAQ - Hablaeli","og_description":"FAQ \u2013 Habla_Eli Language School, Corralejo, Fuerteventura Inscripci\u00f3n y reserva de cursos \u00bfC\u00f3mo puedo inscribirme? Puede inscribirse por correo electr\u00f3nico, WhatsApp o directamente en la escuela. Recomendamos especialmente a los participantes de cursos de formaci\u00f3n profesional (Bildungsurlaub) y cursos intensivos que se inscriban al menos 6 semanas antes del del curso. Todo lo dem\u00e1s es [&hellip;]","og_url":"https:\/\/hablaeli.es\/es\/faq\/","og_site_name":"Hablaeli","article_publisher":"https:\/\/www.facebook.com\/people\/Habla_Eli\/61550985253961\/","article_modified_time":"2026-04-08T09:05:45+00:00","og_image":[{"width":561,"height":561,"url":"https:\/\/hablaeli.es\/wp-content\/uploads\/2025\/04\/logo.png","type":"image\/png"}],"twitter_card":"summary_large_image","twitter_misc":{"Tiempo de lectura":"5 minutos"},"schema":{"@context":"https:\/\/schema.org","@graph":[{"@type":"WebPage","@id":"https:\/\/hablaeli.es\/es\/faq\/","url":"https:\/\/hablaeli.es\/es\/faq\/","name":"FAQ - Hablaeli","isPartOf":{"@id":"https:\/\/hablaeli.es\/#website"},"datePublished":"2026-04-06T08:18:08+00:00","dateModified":"2026-04-08T09:05:45+00:00","breadcrumb":{"@id":"https:\/\/hablaeli.es\/es\/faq\/#breadcrumb"},"inLanguage":"es","potentialAction":[{"@type":"ReadAction","target":["https:\/\/hablaeli.es\/es\/faq\/"]}]},{"@type":"BreadcrumbList","@id":"https:\/\/hablaeli.es\/es\/faq\/#breadcrumb","itemListElement":[{"@type":"ListItem","position":1,"name":"Portada","item":"https:\/\/hablaeli.es\/"},{"@type":"ListItem","position":2,"name":"FAQ"}]},{"@type":"WebSite","@id":"https:\/\/hablaeli.es\/#website","url":"https:\/\/hablaeli.es\/","name":"Hablaeli","description":"","publisher":{"@id":"https:\/\/hablaeli.es\/#organization"},"alternateName":"Elisa Calcinari","potentialAction":[{"@type":"SearchAction","target":{"@type":"EntryPoint","urlTemplate":"https:\/\/hablaeli.es\/?s={search_term_string}"},"query-input":{"@type":"PropertyValueSpecification","valueRequired":true,"valueName":"search_term_string"}}],"inLanguage":"es"},{"@type":"Organization","@id":"https:\/\/hablaeli.es\/#organization","name":"Elisa Calcinari","url":"https:\/\/hablaeli.es\/","logo":{"@type":"ImageObject","inLanguage":"es","@id":"https:\/\/hablaeli.es\/#\/schema\/logo\/image\/","url":"https:\/\/hablaeli.es\/wp-content\/uploads\/2025\/04\/cropped-logo.png","contentUrl":"https:\/\/hablaeli.es\/wp-content\/uploads\/2025\/04\/cropped-logo.png","width":491,"height":491,"caption":"Elisa Calcinari"},"image":{"@id":"https:\/\/hablaeli.es\/#\/schema\/logo\/image\/"},"sameAs":["https:\/\/www.facebook.com\/people\/Habla_Eli\/61550985253961\/"]}]}},"_links":{"self":[{"href":"https:\/\/hablaeli.es\/es\/wp-json\/wp\/v2\/pages\/72987","targetHints":{"allow":["GET"]}}],"collection":[{"href":"https:\/\/hablaeli.es\/es\/wp-json\/wp\/v2\/pages"}],"about":[{"href":"https:\/\/hablaeli.es\/es\/wp-json\/wp\/v2\/types\/page"}],"author":[{"embeddable":true,"href":"https:\/\/hablaeli.es\/es\/wp-json\/wp\/v2\/users\/1"}],"replies":[{"embeddable":true,"href":"https:\/\/hablaeli.es\/es\/wp-json\/wp\/v2\/comments?post=72987"}],"version-history":[{"count":5,"href":"https:\/\/hablaeli.es\/es\/wp-json\/wp\/v2\/pages\/72987\/revisions"}],"predecessor-version":[{"id":73104,"href":"https:\/\/hablaeli.es\/es\/wp-json\/wp\/v2\/pages\/72987\/revisions\/73104"}],"wp:attachment":[{"href":"https:\/\/hablaeli.es\/es\/wp-json\/wp\/v2\/media?parent=72987"}],"curies":[{"name":"wp","href":"https:\/\/api.w.org\/{rel}","templated":true}]}}