{"id":71610,"date":"2025-04-02T10:38:43","date_gmt":"2025-04-02T10:38:43","guid":{"rendered":"https:\/\/hablaeli.es\/dichiarazione-di-accessibilita-web\/"},"modified":"2025-05-26T14:02:43","modified_gmt":"2025-05-26T14:02:43","slug":"dichiarazione-di-accessibilita-web","status":"publish","type":"page","link":"https:\/\/hablaeli.es\/it\/dichiarazione-di-accessibilita-web\/","title":{"rendered":"Dichiarazione di accessibilit\u00e0 web"},"content":{"rendered":"<p>[et_pb_section fb_built=&#8221;1&#8243; _builder_version=&#8221;4.27.4&#8243; _module_preset=&#8221;default&#8221; custom_padding=&#8221;25px||0px||false|false&#8221; global_colors_info=&#8221;{}&#8221;][et_pb_row _builder_version=&#8221;4.20.4&#8243; _module_preset=&#8221;default&#8221; max_width=&#8221;80%&#8221; global_colors_info=&#8221;{}&#8221;][et_pb_column type=&#8221;4_4&#8243; _builder_version=&#8221;4.20.4&#8243; _module_preset=&#8221;default&#8221; global_colors_info=&#8221;{}&#8221;][et_pb_text _builder_version=&#8221;4.27.4&#8243; _module_preset=&#8221;default&#8221; text_font=&#8221;&#8211;et_global_body_font||||||||&#8221; text_text_color=&#8221;#000000&#8243; text_font_size=&#8221;18px&#8221; header_font=&#8221;&#8211;et_global_heading_font|800||on|||||&#8221; header_text_color=&#8221;#000000&#8243; header_font_size=&#8221;38px&#8221; global_colors_info=&#8221;{}&#8221;]<\/p>\n<h1>Dichiarazione di accessibilit\u00e0 web<\/h1>\n<p>[\/et_pb_text][et_pb_text _builder_version=&#8221;4.27.4&#8243; _module_preset=&#8221;default&#8221; text_font=&#8221;&#8211;et_global_body_font||||||||&#8221; text_text_color=&#8221;#000000&#8243; text_font_size=&#8221;18px&#8221; custom_margin=&#8221;||15px||false|false&#8221; global_colors_info=&#8221;{}&#8221;]<\/p>\n<p>Aggiornato: 2\/4\/2025<\/p>\n<p>[\/et_pb_text][et_pb_text _builder_version=&#8221;4.27.4&#8243; _module_preset=&#8221;default&#8221; text_font=&#8221;&#8211;et_global_body_font||||||||&#8221; text_text_color=&#8221;#000000&#8243; text_font_size=&#8221;18px&#8221; custom_margin=&#8221;||15px||false|false&#8221; global_colors_info=&#8221;{}&#8221;]<\/p>\n<p>Elisa Calcinari si impegna a rendere accessibile il proprio sito web in conformit\u00e0 al <a href=\"https:\/\/www.boe.es\/diario_boe\/txt.php?id=BOE-A-2018-12699\" target=\"_blank\" rel=\"noopener\" title=\"Decreto Reale\">Regio Decreto 1112\/2018<\/a>, sull&#8217;accessibilit\u00e0 dei siti web del settore pubblico e delle applicazioni per dispositivi mobili.<\/p>\n<p>[\/et_pb_text][et_pb_text _builder_version=&#8221;4.27.4&#8243; _module_preset=&#8221;default&#8221; text_font=&#8221;&#8211;et_global_body_font||||||||&#8221; text_text_color=&#8221;#000000&#8243; text_font_size=&#8221;18px&#8221; hover_enabled=&#8221;0&#8243; global_colors_info=&#8221;{}&#8221; sticky_enabled=&#8221;0&#8243;]<\/p>\n<p>Questa dichiarazione di accessibilit\u00e0 si applica al sito web <a href=\"https:\/\/hablaeli.es\/it\/\" title=\"Habla_Eli\">hablaeli.es<\/a>.<\/p>\n<p>[\/et_pb_text][et_pb_text _builder_version=&#8221;4.27.4&#8243; _module_preset=&#8221;default&#8221; text_font=&#8221;&#8211;et_global_body_font||||||||&#8221; text_text_color=&#8221;#000000&#8243; text_font_size=&#8221;18px&#8221; header_2_font=&#8221;&#8211;et_global_heading_font|700|||||||&#8221; header_2_text_color=&#8221;#000000&#8243; header_2_font_size=&#8221;28px&#8221; custom_margin=&#8221;||0px||false|false&#8221; global_colors_info=&#8221;{}&#8221;]<\/p>\n<h2>Stato di conformit\u00e0<\/h2>\n<p>[\/et_pb_text][et_pb_text _builder_version=&#8221;4.27.4&#8243; _module_preset=&#8221;default&#8221; text_font=&#8221;&#8211;et_global_body_font||||||||&#8221; text_text_color=&#8221;#000000&#8243; text_font_size=&#8221;18px&#8221; global_colors_info=&#8221;{}&#8221;]<\/p>\n<p>Questo sito web \u00e8 pienamente conforme al RD 1112\/2018.<\/p>\n<p>[\/et_pb_text][et_pb_text _builder_version=&#8221;4.27.4&#8243; _module_preset=&#8221;default&#8221; text_font=&#8221;&#8211;et_global_body_font||||||||&#8221; text_text_color=&#8221;#000000&#8243; text_font_size=&#8221;18px&#8221; header_2_font=&#8221;&#8211;et_global_heading_font|700|||||||&#8221; header_2_text_color=&#8221;#000000&#8243; header_2_font_size=&#8221;28px&#8221; custom_margin=&#8221;||0px||false|false&#8221; global_colors_info=&#8221;{}&#8221;]<\/p>\n<h2>Preparazione della presente Dichiarazione di accessibilit\u00e0 del Web:<\/h2>\n<p>[\/et_pb_text][et_pb_text _builder_version=&#8221;4.27.4&#8243; _module_preset=&#8221;default&#8221; text_font=&#8221;&#8211;et_global_body_font||||||||&#8221; text_text_color=&#8221;#000000&#8243; text_font_size=&#8221;18px&#8221; custom_margin=&#8221;||15px||false|false&#8221; global_colors_info=&#8221;{}&#8221;]<\/p>\n<p>Questa dichiarazione \u00e8 stata preparata il 2 aprile 2025.<\/p>\n<p>[\/et_pb_text][et_pb_text _builder_version=&#8221;4.27.4&#8243; _module_preset=&#8221;default&#8221; text_font=&#8221;&#8211;et_global_body_font||||||||&#8221; text_text_color=&#8221;#000000&#8243; text_font_size=&#8221;18px&#8221; custom_margin=&#8221;||15px||false|false&#8221; global_colors_info=&#8221;{}&#8221;]<\/p>\n<p>Il metodo utilizzato per preparare la dichiarazione \u00e8 stato un&#8217;autovalutazione effettuata dal team per l&#8217;accessibilit\u00e0 dell&#8217;ente.<\/p>\n<p>[\/et_pb_text][et_pb_text _builder_version=&#8221;4.27.4&#8243; _module_preset=&#8221;default&#8221; text_font=&#8221;&#8211;et_global_body_font||||||||&#8221; text_text_color=&#8221;#000000&#8243; text_font_size=&#8221;18px&#8221; global_colors_info=&#8221;{}&#8221;]<\/p>\n<p>Ultima revisione della dichiarazione: 2 aprile 2025.<\/p>\n<p>[\/et_pb_text][et_pb_text _builder_version=&#8221;4.27.4&#8243; _module_preset=&#8221;default&#8221; text_font=&#8221;&#8211;et_global_body_font||||||||&#8221; text_text_color=&#8221;#000000&#8243; text_font_size=&#8221;18px&#8221; header_2_font=&#8221;&#8211;et_global_heading_font|700|||||||&#8221; header_2_text_color=&#8221;#000000&#8243; header_2_font_size=&#8221;28px&#8221; custom_margin=&#8221;||0px||false|false&#8221; global_colors_info=&#8221;{}&#8221;]<\/p>\n<h2>Osservazioni e informazioni di contatto:<\/h2>\n<p>[\/et_pb_text][et_pb_text _builder_version=&#8221;4.27.4&#8243; _module_preset=&#8221;default&#8221; text_font=&#8221;&#8211;et_global_body_font||||||||&#8221; text_text_color=&#8221;#000000&#8243; text_font_size=&#8221;18px&#8221; custom_margin=&#8221;||15px||false|false&#8221; global_colors_info=&#8221;{}&#8221;]<\/p>\n<p>\u00c8 possibile effettuare comunicazioni sui requisiti di accessibilit\u00e0 (articolo 10.2.a della DGR 1112\/2018) come:<\/p>\n<p>[\/et_pb_text][et_pb_text _builder_version=&#8221;4.27.4&#8243; _module_preset=&#8221;default&#8221; text_font=&#8221;&#8211;et_global_body_font||||||||&#8221; text_text_color=&#8221;#000000&#8243; text_font_size=&#8221;18px&#8221; custom_margin=&#8221;||7px||false|false&#8221; global_colors_info=&#8221;{}&#8221;]<\/p>\n<p style=\"padding-left: 40px;\">1. Per segnalare qualsiasi possibile violazione da parte di questo sito web.<\/p>\n<p>[\/et_pb_text][et_pb_text _builder_version=&#8221;4.27.4&#8243; _module_preset=&#8221;default&#8221; text_font=&#8221;&#8211;et_global_body_font||||||||&#8221; text_text_color=&#8221;#000000&#8243; text_font_size=&#8221;18px&#8221; custom_margin=&#8221;||7px||false|false&#8221; global_colors_info=&#8221;{}&#8221;]<\/p>\n<p style=\"padding-left: 40px;\">2. Includere contenuti chiari e ben strutturati.<\/p>\n<p>[\/et_pb_text][et_pb_text _builder_version=&#8221;4.27.4&#8243; _module_preset=&#8221;default&#8221; text_font=&#8221;&#8211;et_global_body_font||||||||&#8221; text_text_color=&#8221;#000000&#8243; text_font_size=&#8221;18px&#8221; custom_margin=&#8221;||15px||false|false&#8221; global_colors_info=&#8221;{}&#8221;]<\/p>\n<p style=\"padding-left: 40px;\">3. Formulare qualsiasi altro quesito o suggerimento di miglioramento relativo all&#8217;accessibilit\u00e0 del sito web, attraverso il nostro modulo di contatto, o di persona a: C. Lepanto, 8-10, 35660 Corralejo, Las Palmas. Indicando nell&#8217;oggetto: \u201cAccessibilit\u00e0 del Web\u201d. <\/p>\n<p>[\/et_pb_text][et_pb_text _builder_version=&#8221;4.27.4&#8243; _module_preset=&#8221;default&#8221; text_font=&#8221;&#8211;et_global_body_font||||||||&#8221; text_text_color=&#8221;#000000&#8243; text_font_size=&#8221;18px&#8221; global_colors_info=&#8221;{}&#8221;]<\/p>\n<p>Le comunicazioni saranno ricevute ed elaborate dal team Accessibilit\u00e0.<\/p>\n<p>[\/et_pb_text][et_pb_text _builder_version=&#8221;4.27.4&#8243; _module_preset=&#8221;default&#8221; text_font=&#8221;&#8211;et_global_body_font||||||||&#8221; text_text_color=&#8221;#000000&#8243; text_font_size=&#8221;18px&#8221; header_2_font=&#8221;&#8211;et_global_heading_font|700|||||||&#8221; header_2_text_color=&#8221;#000000&#8243; header_2_font_size=&#8221;28px&#8221; custom_margin=&#8221;||0px||false|false&#8221; global_colors_info=&#8221;{}&#8221;]<\/p>\n<h2>Contenuto opzionale<\/h2>\n<p>[\/et_pb_text][et_pb_text _builder_version=&#8221;4.27.4&#8243; _module_preset=&#8221;default&#8221; text_font=&#8221;&#8211;et_global_body_font||||||||&#8221; text_text_color=&#8221;#000000&#8243; text_font_size=&#8221;18px&#8221; custom_margin=&#8221;||15px||false|false&#8221; global_colors_info=&#8221;{}&#8221;]<\/p>\n<p>Questo sito web ha adottato una serie di misure volte a migliorare l&#8217;accessibilit\u00e0. I vantaggi che ne derivano sono, tra gli altri: <\/p>\n<p>[\/et_pb_text][et_pb_text _builder_version=&#8221;4.27.4&#8243; _module_preset=&#8221;default&#8221; text_font=&#8221;&#8211;et_global_body_font||||||||&#8221; text_text_color=&#8221;#000000&#8243; text_font_size=&#8221;18px&#8221; custom_margin=&#8221;||7px||false|false&#8221; global_colors_info=&#8221;{}&#8221;]<\/p>\n<p style=\"padding-left: 40px;\">1. Facilitare l&#8217;accesso alle persone indipendentemente dalle loro condizioni fisiche o dall&#8217;ambiente in cui si trovano.<\/p>\n<p>[\/et_pb_text][et_pb_text _builder_version=&#8221;4.27.4&#8243; _module_preset=&#8221;default&#8221; text_font=&#8221;&#8211;et_global_body_font||||||||&#8221; text_text_color=&#8221;#000000&#8243; text_font_size=&#8221;18px&#8221; custom_margin=&#8221;||7px||false|false&#8221; global_colors_info=&#8221;{}&#8221;]<\/p>\n<p style=\"padding-left: 40px;\">2. Includere contenuti chiari e ben strutturati.<\/p>\n<p>[\/et_pb_text][et_pb_text _builder_version=&#8221;4.27.4&#8243; _module_preset=&#8221;default&#8221; text_font=&#8221;&#8211;et_global_body_font||||||||&#8221; text_text_color=&#8221;#000000&#8243; text_font_size=&#8221;18px&#8221; custom_margin=&#8221;||15px||false|false&#8221; global_colors_info=&#8221;{}&#8221;]<\/p>\n<p style=\"padding-left: 40px;\">3. Migliorare la navigazione e l&#8217;esperienza dell&#8217;utente.<\/p>\n<p>[\/et_pb_text][et_pb_text _builder_version=&#8221;4.27.4&#8243; _module_preset=&#8221;default&#8221; text_font=&#8221;&#8211;et_global_body_font||||||||&#8221; text_text_color=&#8221;#000000&#8243; text_font_size=&#8221;18px&#8221; global_colors_info=&#8221;{}&#8221;]<\/p>\n<p>Tra le misure adottate:<\/p>\n<p>[\/et_pb_text][et_pb_text _builder_version=&#8221;4.27.4&#8243; _module_preset=&#8221;default&#8221; text_font=&#8221;&#8211;et_global_body_font||||||||&#8221; text_text_color=&#8221;#000000&#8243; text_font_size=&#8221;18px&#8221; header_2_font=&#8221;&#8211;et_global_heading_font|700|||||||&#8221; header_2_text_color=&#8221;#000000&#8243; header_2_font_size=&#8221;28px&#8221; custom_margin=&#8221;||0px||false|false&#8221; global_colors_info=&#8221;{}&#8221;]<\/p>\n<h2>Pulsante di accessibilit\u00e0 sul lato destro<\/h2>\n<p>[\/et_pb_text][et_pb_text _builder_version=&#8221;4.27.4&#8243; _module_preset=&#8221;default&#8221; text_font=&#8221;&#8211;et_global_body_font||||||||&#8221; text_text_color=&#8221;#000000&#8243; text_font_size=&#8221;18px&#8221; global_colors_info=&#8221;{}&#8221;]<\/p>\n<p>In tutte le pagine web \u00e8 presente un pulsante sul lato sinistro con un simbolo di accessibilit\u00e0 che, se cliccato, apre un \u201cpop up\u201d con le diverse opzioni di accessibilit\u00e0 visiva che possono interessare la pagina web.<\/p>\n<p>[\/et_pb_text][et_pb_text _builder_version=&#8221;4.27.4&#8243; _module_preset=&#8221;default&#8221; text_font=&#8221;&#8211;et_global_body_font||||||||&#8221; text_text_color=&#8221;#000000&#8243; text_font_size=&#8221;18px&#8221; header_2_font=&#8221;&#8211;et_global_heading_font|700|||||||&#8221; header_2_text_color=&#8221;#000000&#8243; header_2_font_size=&#8221;28px&#8221; custom_margin=&#8221;||0px||false|false&#8221; global_colors_info=&#8221;{}&#8221;]<\/p>\n<h2>Scorciatoie da tastiera<\/h2>\n<p>[\/et_pb_text][et_pb_text _builder_version=&#8221;4.27.4&#8243; _module_preset=&#8221;default&#8221; text_font=&#8221;&#8211;et_global_body_font||||||||&#8221; text_text_color=&#8221;#000000&#8243; text_font_size=&#8221;18px&#8221; custom_margin=&#8221;||0px||false|false&#8221; custom_padding=&#8221;||0px||false|false&#8221; global_colors_info=&#8221;{}&#8221;]<\/p>\n<ul>\n<li style=\"list-style-type: none;\">\n<ul>\n<li>Internet Explorer 6 o superiore: ALT + tasto di scelta rapida + tasto INVIO<\/li>\n<li>Mozilla Firefox 2.0 o superiore: ALT + MAIUSC + tasto di scelta rapida (configurazione &#8211; avanzata nel browser con due tasti)<\/li>\n<li>Opera: tasto Shift + Esc per attivare i tasti di scelta rapida<\/li>\n<li>Safari: COMANDO + tasto di scelta rapida<\/li>\n<li>Chrome: A seconda del sistema operativo (definito di seguito)\n<ul>\n<li style=\"list-style-type: none;\">\n<ul>\n<li>MacOS: COMANDO + tasto di scelta rapida.<\/li>\n<li>Windows: CTRL + tasto di scelta rapida.<\/li>\n<\/ul>\n<\/li>\n<\/ul>\n<\/li>\n<\/ul>\n<\/li>\n<\/ul>\n<p>[\/et_pb_text][\/et_pb_column][\/et_pb_row][\/et_pb_section]<\/p>\n","protected":false},"excerpt":{"rendered":"<p>Dichiarazione di accessibilit\u00e0 webAggiornato: 2\/4\/2025Elisa Calcinari si impegna a rendere accessibile il proprio sito web in conformit\u00e0 al Regio Decreto 1112\/2018, sull&#8217;accessibilit\u00e0 dei siti web del settore pubblico e delle applicazioni per dispositivi mobili.Questa dichiarazione di accessibilit\u00e0 si applica al sito web hablaeli.es.Stato di conformit\u00e0Questo sito web \u00e8 pienamente conforme al RD 1112\/2018.Preparazione della presente [&hellip;]<\/p>\n","protected":false},"author":1,"featured_media":0,"parent":0,"menu_order":0,"comment_status":"closed","ping_status":"closed","template":"","meta":{"_et_pb_use_builder":"on","_et_pb_old_content":"","_et_gb_content_width":"","footnotes":""},"class_list":["post-71610","page","type-page","status-publish","hentry"],"yoast_head":"<!-- This site is optimized with the Yoast SEO plugin v27.4 - https:\/\/yoast.com\/product\/yoast-seo-wordpress\/ -->\n<title>Dichiarazione di accessibilit\u00e0 web - Hablaeli<\/title>\n<meta name=\"description\" content=\"Leggete la nostra Dichiarazione sull&#039;accessibilit\u00e0 del Web per capire come garantiamo che questo sito sia accessibile a tutti gli utenti, indipendentemente dalle circostanze.\" \/>\n<meta name=\"robots\" content=\"index, follow, max-snippet:-1, max-image-preview:large, max-video-preview:-1\" \/>\n<link rel=\"canonical\" href=\"https:\/\/hablaeli.es\/it\/dichiarazione-di-accessibilita-web\/\" \/>\n<meta property=\"og:locale\" content=\"it_IT\" \/>\n<meta property=\"og:type\" content=\"article\" \/>\n<meta property=\"og:title\" content=\"Dichiarazione di accessibilit\u00e0 web - Hablaeli\" \/>\n<meta property=\"og:description\" content=\"Leggete la nostra Dichiarazione sull&#039;accessibilit\u00e0 del Web per capire come garantiamo che questo sito sia accessibile a tutti gli utenti, indipendentemente dalle circostanze.\" \/>\n<meta property=\"og:url\" content=\"https:\/\/hablaeli.es\/it\/dichiarazione-di-accessibilita-web\/\" \/>\n<meta property=\"og:site_name\" content=\"Hablaeli\" \/>\n<meta property=\"article:publisher\" content=\"https:\/\/www.facebook.com\/people\/Habla_Eli\/61550985253961\/\" \/>\n<meta property=\"article:modified_time\" content=\"2025-05-26T14:02:43+00:00\" \/>\n<meta property=\"og:image\" content=\"https:\/\/hablaeli.es\/wp-content\/uploads\/2025\/04\/logo.png\" \/>\n\t<meta property=\"og:image:width\" content=\"561\" \/>\n\t<meta property=\"og:image:height\" content=\"561\" \/>\n\t<meta property=\"og:image:type\" content=\"image\/png\" \/>\n<meta name=\"twitter:card\" content=\"summary_large_image\" \/>\n<meta name=\"twitter:label1\" content=\"Tempo di lettura stimato\" \/>\n\t<meta name=\"twitter:data1\" content=\"6 minuti\" \/>\n<script type=\"application\/ld+json\" class=\"yoast-schema-graph\">{\"@context\":\"https:\\\/\\\/schema.org\",\"@graph\":[{\"@type\":\"WebPage\",\"@id\":\"https:\\\/\\\/hablaeli.es\\\/it\\\/dichiarazione-di-accessibilita-web\\\/\",\"url\":\"https:\\\/\\\/hablaeli.es\\\/it\\\/dichiarazione-di-accessibilita-web\\\/\",\"name\":\"Dichiarazione di accessibilit\u00e0 web - Hablaeli\",\"isPartOf\":{\"@id\":\"https:\\\/\\\/hablaeli.es\\\/#website\"},\"datePublished\":\"2025-04-02T10:38:43+00:00\",\"dateModified\":\"2025-05-26T14:02:43+00:00\",\"description\":\"Leggete la nostra Dichiarazione sull'accessibilit\u00e0 del Web per capire come garantiamo che questo sito sia accessibile a tutti gli utenti, indipendentemente dalle circostanze.\",\"breadcrumb\":{\"@id\":\"https:\\\/\\\/hablaeli.es\\\/it\\\/dichiarazione-di-accessibilita-web\\\/#breadcrumb\"},\"inLanguage\":\"it-IT\",\"potentialAction\":[{\"@type\":\"ReadAction\",\"target\":[\"https:\\\/\\\/hablaeli.es\\\/it\\\/dichiarazione-di-accessibilita-web\\\/\"]}]},{\"@type\":\"BreadcrumbList\",\"@id\":\"https:\\\/\\\/hablaeli.es\\\/it\\\/dichiarazione-di-accessibilita-web\\\/#breadcrumb\",\"itemListElement\":[{\"@type\":\"ListItem\",\"position\":1,\"name\":\"Portada\",\"item\":\"https:\\\/\\\/hablaeli.es\\\/\"},{\"@type\":\"ListItem\",\"position\":2,\"name\":\"Dichiarazione di accessibilit\u00e0 web\"}]},{\"@type\":\"WebSite\",\"@id\":\"https:\\\/\\\/hablaeli.es\\\/#website\",\"url\":\"https:\\\/\\\/hablaeli.es\\\/\",\"name\":\"Hablaeli\",\"description\":\"\",\"publisher\":{\"@id\":\"https:\\\/\\\/hablaeli.es\\\/#organization\"},\"alternateName\":\"Elisa Calcinari\",\"potentialAction\":[{\"@type\":\"SearchAction\",\"target\":{\"@type\":\"EntryPoint\",\"urlTemplate\":\"https:\\\/\\\/hablaeli.es\\\/?s={search_term_string}\"},\"query-input\":{\"@type\":\"PropertyValueSpecification\",\"valueRequired\":true,\"valueName\":\"search_term_string\"}}],\"inLanguage\":\"it-IT\"},{\"@type\":\"Organization\",\"@id\":\"https:\\\/\\\/hablaeli.es\\\/#organization\",\"name\":\"Elisa Calcinari\",\"url\":\"https:\\\/\\\/hablaeli.es\\\/\",\"logo\":{\"@type\":\"ImageObject\",\"inLanguage\":\"it-IT\",\"@id\":\"https:\\\/\\\/hablaeli.es\\\/#\\\/schema\\\/logo\\\/image\\\/\",\"url\":\"https:\\\/\\\/hablaeli.es\\\/wp-content\\\/uploads\\\/2025\\\/04\\\/cropped-logo.png\",\"contentUrl\":\"https:\\\/\\\/hablaeli.es\\\/wp-content\\\/uploads\\\/2025\\\/04\\\/cropped-logo.png\",\"width\":491,\"height\":491,\"caption\":\"Elisa Calcinari\"},\"image\":{\"@id\":\"https:\\\/\\\/hablaeli.es\\\/#\\\/schema\\\/logo\\\/image\\\/\"},\"sameAs\":[\"https:\\\/\\\/www.facebook.com\\\/people\\\/Habla_Eli\\\/61550985253961\\\/\"]}]}<\/script>\n<!-- \/ Yoast SEO plugin. -->","yoast_head_json":{"title":"Dichiarazione di accessibilit\u00e0 web - Hablaeli","description":"Leggete la nostra Dichiarazione sull'accessibilit\u00e0 del Web per capire come garantiamo che questo sito sia accessibile a tutti gli utenti, indipendentemente dalle circostanze.","robots":{"index":"index","follow":"follow","max-snippet":"max-snippet:-1","max-image-preview":"max-image-preview:large","max-video-preview":"max-video-preview:-1"},"canonical":"https:\/\/hablaeli.es\/it\/dichiarazione-di-accessibilita-web\/","og_locale":"it_IT","og_type":"article","og_title":"Dichiarazione di accessibilit\u00e0 web - Hablaeli","og_description":"Leggete la nostra Dichiarazione sull'accessibilit\u00e0 del Web per capire come garantiamo che questo sito sia accessibile a tutti gli utenti, indipendentemente dalle circostanze.","og_url":"https:\/\/hablaeli.es\/it\/dichiarazione-di-accessibilita-web\/","og_site_name":"Hablaeli","article_publisher":"https:\/\/www.facebook.com\/people\/Habla_Eli\/61550985253961\/","article_modified_time":"2025-05-26T14:02:43+00:00","og_image":[{"width":561,"height":561,"url":"https:\/\/hablaeli.es\/wp-content\/uploads\/2025\/04\/logo.png","type":"image\/png"}],"twitter_card":"summary_large_image","twitter_misc":{"Tempo di lettura stimato":"6 minuti"},"schema":{"@context":"https:\/\/schema.org","@graph":[{"@type":"WebPage","@id":"https:\/\/hablaeli.es\/it\/dichiarazione-di-accessibilita-web\/","url":"https:\/\/hablaeli.es\/it\/dichiarazione-di-accessibilita-web\/","name":"Dichiarazione di accessibilit\u00e0 web - Hablaeli","isPartOf":{"@id":"https:\/\/hablaeli.es\/#website"},"datePublished":"2025-04-02T10:38:43+00:00","dateModified":"2025-05-26T14:02:43+00:00","description":"Leggete la nostra Dichiarazione sull'accessibilit\u00e0 del Web per capire come garantiamo che questo sito sia accessibile a tutti gli utenti, indipendentemente dalle circostanze.","breadcrumb":{"@id":"https:\/\/hablaeli.es\/it\/dichiarazione-di-accessibilita-web\/#breadcrumb"},"inLanguage":"it-IT","potentialAction":[{"@type":"ReadAction","target":["https:\/\/hablaeli.es\/it\/dichiarazione-di-accessibilita-web\/"]}]},{"@type":"BreadcrumbList","@id":"https:\/\/hablaeli.es\/it\/dichiarazione-di-accessibilita-web\/#breadcrumb","itemListElement":[{"@type":"ListItem","position":1,"name":"Portada","item":"https:\/\/hablaeli.es\/"},{"@type":"ListItem","position":2,"name":"Dichiarazione di accessibilit\u00e0 web"}]},{"@type":"WebSite","@id":"https:\/\/hablaeli.es\/#website","url":"https:\/\/hablaeli.es\/","name":"Hablaeli","description":"","publisher":{"@id":"https:\/\/hablaeli.es\/#organization"},"alternateName":"Elisa Calcinari","potentialAction":[{"@type":"SearchAction","target":{"@type":"EntryPoint","urlTemplate":"https:\/\/hablaeli.es\/?s={search_term_string}"},"query-input":{"@type":"PropertyValueSpecification","valueRequired":true,"valueName":"search_term_string"}}],"inLanguage":"it-IT"},{"@type":"Organization","@id":"https:\/\/hablaeli.es\/#organization","name":"Elisa Calcinari","url":"https:\/\/hablaeli.es\/","logo":{"@type":"ImageObject","inLanguage":"it-IT","@id":"https:\/\/hablaeli.es\/#\/schema\/logo\/image\/","url":"https:\/\/hablaeli.es\/wp-content\/uploads\/2025\/04\/cropped-logo.png","contentUrl":"https:\/\/hablaeli.es\/wp-content\/uploads\/2025\/04\/cropped-logo.png","width":491,"height":491,"caption":"Elisa Calcinari"},"image":{"@id":"https:\/\/hablaeli.es\/#\/schema\/logo\/image\/"},"sameAs":["https:\/\/www.facebook.com\/people\/Habla_Eli\/61550985253961\/"]}]}},"_links":{"self":[{"href":"https:\/\/hablaeli.es\/it\/wp-json\/wp\/v2\/pages\/71610","targetHints":{"allow":["GET"]}}],"collection":[{"href":"https:\/\/hablaeli.es\/it\/wp-json\/wp\/v2\/pages"}],"about":[{"href":"https:\/\/hablaeli.es\/it\/wp-json\/wp\/v2\/types\/page"}],"author":[{"embeddable":true,"href":"https:\/\/hablaeli.es\/it\/wp-json\/wp\/v2\/users\/1"}],"replies":[{"embeddable":true,"href":"https:\/\/hablaeli.es\/it\/wp-json\/wp\/v2\/comments?post=71610"}],"version-history":[{"count":6,"href":"https:\/\/hablaeli.es\/it\/wp-json\/wp\/v2\/pages\/71610\/revisions"}],"predecessor-version":[{"id":72142,"href":"https:\/\/hablaeli.es\/it\/wp-json\/wp\/v2\/pages\/71610\/revisions\/72142"}],"wp:attachment":[{"href":"https:\/\/hablaeli.es\/it\/wp-json\/wp\/v2\/media?parent=71610"}],"curies":[{"name":"wp","href":"https:\/\/api.w.org\/{rel}","templated":true}]}}